{"id":2019,"date":"2020-05-26T16:56:35","date_gmt":"2020-05-26T21:56:35","guid":{"rendered":"https:\/\/dev.infinitekparis.com\/tienda\/sin%20categor\u00eda\/kit-unique\/"},"modified":"2022-11-18T16:39:21","modified_gmt":"2022-11-18T21:39:21","slug":"kit-unique","status":"publish","type":"product","link":"https:\/\/dev.infinitekparis.com\/mx\/tienda\/platine\/kit-unique\/","title":{"rendered":"Kit Unique"},"content":{"rendered":"<p style=\"text-align: justify;\"><strong>\u00a1Kit facial especializado!<\/strong> 6 esenciales para el cuidado de tu piel, perfecto para el d\u00eda y la noche. Desarrollado para pieles con tendencia a acn\u00e9, manchas, arrugas, ojeras, poros dilatados, espinillas y oleosidad.<span class=\"more_less more\"> &#8230;Ver m\u00e1s<\/span><\/p>\n<div id=\"more_text\">\n<p style=\"text-align: justify;\"><strong>\u00bfQu\u00e9 contiene?<\/strong><\/p>\n<ul style=\"text-align: justify;\">\n<li style=\"text-align: justify;\"><strong><a href=\"https:\/\/dev.infinitekparis.com\/mx\/tienda\/platine\/serum-vitamina-c\/\" target=\"_blank\" rel=\"noopener noreferrer\">S\u00e9rum Vitamina C + Silicio Org\u00e1nico. <\/a><\/strong>Formulado con Vitamina C, E y \u00c1cido Fer\u00falico para maximizar la acci\u00f3n antioxidante. Mejora la apariencia de arrugas, l\u00edneas de expresi\u00f3n, textura y tono de la piel. Ayuda a fortalecer y restaurar; revelando una piel m\u00e1s joven, radiante y suave.<\/li>\n<li style=\"text-align: justify;\"><strong><a href=\"https:\/\/dev.infinitekparis.com\/mx\/tienda\/platine\/serum-acido-hialuronico-silicio-organico\/\" target=\"_blank\" rel=\"noopener noreferrer\">S\u00e9rum \u00c1cido Hialur\u00f3nico + Silicio Org\u00e1nico.<\/a> <\/strong>Mejorar los signos del foto-envejecimiento, suaviza la apariencia de l\u00edneas de expresi\u00f3n, arrugas finas y profundas. Mejora la luminosidad, hidrataci\u00f3n y suavidad de la piel, aporta una humectaci\u00f3n intensa y duradera, revelando una piel m\u00e1s joven, sana y radiante.<\/li>\n<li style=\"text-align: justify;\"><strong><a href=\"https:\/\/dev.infinitekparis.com\/mx\/tienda\/rutina\/antiedad-correccion\/crema-humectante-retinol\/\" target=\"_blank\" rel=\"noopener noreferrer\">Crema Humectante Retinol. <\/a><\/strong>Visiblemente mejora la apariencia de manchas, l\u00edneas de expresi\u00f3n, arrugas finas y profundas, poros dilatados y el tono de la piel.<\/li>\n<li style=\"text-align: justify;\"><strong><a href=\"https:\/\/dev.infinitekparis.com\/mx\/tienda\/platine\/multi-active-360-contorno-de-ojos\/\" target=\"_blank\" rel=\"noopener noreferrer\">Multi-Active 360 Contorno de ojos. <\/a><\/strong>Formulado para mejorar la apariencia de ojeras, bolsas de ojos, hinchaz\u00f3n, arrugas finas y profundas. Ayuda a mejorar la firmeza y la elasticidad de la piel. Nutre, hidrata y refresca dando una sensaci\u00f3n de relajaci\u00f3n a los ojos cansados, obteniendo una mirada radiante y juvenil.<\/li>\n<li><strong><a href=\"https:\/\/dev.infinitekparis.com\/mx\/tienda\/naturel\/aceite-rosa-mosqueta\/\" target=\"_blank\" rel=\"noopener noreferrer\">Aceite Rosa Mosqueta. <\/a><\/strong>Nutre, hidrata y repara la piel. Es un potente antioxidante, contiene todos los \u00e1cidos grasos esenciales para la piel, es una rica fuente de Omega 3 y 6, vitaminas A, C y E. Mejora la apariencia de cicatrices, l\u00edneas de expresi\u00f3n, arrugas, manchas, estr\u00edas y piel deshidratada.<\/li>\n<li><strong><a href=\"https:\/\/dev.infinitekparis.com\/mx\/tienda\/platine\/mascarilla-del-mar-muerto\/\" target=\"_blank\" rel=\"noopener noreferrer\">Mascarilla del Mar Muerto. <\/a><\/strong>Es una f\u00f3rmula antioxidante, hidratante y remineralizante, que nutre y restaura el equilibrio natural de la piel. Ayuda a mejorar la apariencia de espinillas, acn\u00e9, puntos negros, eczemas y poros dilatados; rico en ingredientes naturales que contribuyen a la exfoliaci\u00f3n, limpieza y desintoxicaci\u00f3n de la piel.<\/li>\n<li><strong><a href=\"https:\/\/dev.infinitekparis.com\/mx\/tienda\/elementaire\/protector-solar-ultra-protection-spf-50\/\" target=\"_blank\" rel=\"noopener noreferrer\">Protector Solar Ultra-Protection SPF 50. <\/a><\/strong>F\u00f3rmula antioxidante, con tinte (color) 100% mineral enriquecida con ingredientes m\u00e1gicos. Protege la piel contra el da\u00f1o causado por los rayos UVA, UVB y la Luz Azul, por lo cual previene el envejecimiento y el riesgo de c\u00e1ncer de piel. \u00a1Adem\u00e1s de proteger e hidratar funciona como Primer Facial con acabado mate! Su tinte es de color universal (formulado para todos los tonos de piel), es de textura suave, liviana y no grasa, proporciona una correcci\u00f3n de color instant\u00e1nea para lucir un tono m\u00e1s uniforme, radiante y juvenil.<\/li>\n<\/ul>\n<p style=\"text-align: justify;\"><p style=\"text-align: justify;\"><span style=\"font-weight: 400;\"><a href=\"https:\/\/dev.infinitekparis.com\/mx\/contacto-whatsapp\/\" target=\"_blank\" rel=\"noopener noreferrer\"><strong>Para mayor informaci\u00f3n, comun\u00edcate con una de nuestras asesoras al n\u00famero (+52) 55 8789 4808.<\/strong><\/a><\/span><\/p>\n<p><span class=\"more_less less\">Ver menos<\/span><\/p>\n<\/div>\n","protected":false},"excerpt":{"rendered":"<p>Beneficios<\/p>\n<ul>\n<li>Rutina AM\/PM.<\/li>\n<li>Previene y mejora los signos de envejecimiento: manchas, arrugas, l\u00edneas de expresi\u00f3n, poros dilatados y flacidez.<\/li>\n<li>Nutre, hidrata y remineraliza.<\/li>\n<li>Disminuye ojeras, bolsas de ojos e hinchaz\u00f3n.<\/li>\n<li>Exfolia, limpia y Detoxifica.<\/li>\n<li>Protege de los Rayos UVB, UVA y la Luz Azul.<\/li>\n<\/ul>\n<p><strong>\u00a1El kit que tu piel amar\u00e1!<\/strong><\/p>\n","protected":false},"featured_media":0,"comment_status":"open","ping_status":"closed","template":"","meta":[],"product_cat":[72,80,62],"product_tag":[],"_links":{"self":[{"href":"https:\/\/dev.infinitekparis.com\/mx\/wp-json\/wp\/v2\/product\/2019"}],"collection":[{"href":"https:\/\/dev.infinitekparis.com\/mx\/wp-json\/wp\/v2\/product"}],"about":[{"href":"https:\/\/dev.infinitekparis.com\/mx\/wp-json\/wp\/v2\/types\/product"}],"replies":[{"embeddable":true,"href":"https:\/\/dev.infinitekparis.com\/mx\/wp-json\/wp\/v2\/comments?post=2019"}],"wp:attachment":[{"href":"https:\/\/dev.infinitekparis.com\/mx\/wp-json\/wp\/v2\/media?parent=2019"}],"wp:term":[{"taxonomy":"product_cat","embeddable":true,"href":"https:\/\/dev.infinitekparis.com\/mx\/wp-json\/wp\/v2\/product_cat?post=2019"},{"taxonomy":"product_tag","embeddable":true,"href":"https:\/\/dev.infinitekparis.com\/mx\/wp-json\/wp\/v2\/product_tag?post=2019"}],"curies":[{"name":"wp","href":"https:\/\/api.w.org\/{rel}","templated":true}]}}