{"id":355,"date":"2020-03-10T11:49:12","date_gmt":"2020-03-10T16:49:12","guid":{"rendered":"https:\/\/dev.infinitekparis.com\/tienda\/sin%20categor\u00eda\/mascarilla-del-mar-muerto\/"},"modified":"2022-10-15T08:02:05","modified_gmt":"2022-10-15T13:02:05","slug":"mascarilla-del-mar-muerto","status":"publish","type":"product","link":"https:\/\/dev.infinitekparis.com\/mx\/tienda\/rutina\/mask\/mascarilla-del-mar-muerto\/","title":{"rendered":"Mascarilla del Mar Muerto"},"content":{"rendered":"<p style=\"text-align: justify;\">Contiene 98% de Minerales Naturales del fango del Mar Muerto. Exfolia, limpia y detoxifica la piel. Remineraliza y nutre, previniendo y disminuyendo manchas, arrugas, poros dilatados y oleosidad. Ideal para pieles con tendencia a acn\u00e9 o piel grasa.<span class=\"more_less more\"> &#8230;Ver m\u00e1s<\/span><\/p>\n<div id=\"more_text\">\n<p style=\"text-align: justify;\"><strong>\u00bfPara qu\u00e9 sirve?<\/strong><\/p>\n<p style=\"text-align: justify;\">Su f\u00f3rmula antioxidante y remineralizante, limpia, purifica y restaura el equilibrio natural de la piel. Absorbe el exceso de grasa y desintoxica los poros a profundidad, eliminando impurezas y c\u00e9lulas muertas. Previene y disminuye la apariencia de acn\u00e9, espinillas y eczemas; mientras mejora la textura y aclara el tono de la piel, revel\u00e1ndola radiante, renovada y juvenil.<\/p>\n<p style=\"text-align: justify;\">Su f\u00f3rmula multifuncional nutre, hidrata y regenera la piel, mientras disminuye la apariencia de manchas, arrugas y poros dilatados. Es ideal para pieles propensas al acn\u00e9.<\/p>\n<ul style=\"text-align: justify;\">\n<li>PARA TODO TIPO DE PIEL \u2013 Sin adici\u00f3n de Parabenos, fragancias y Colorantes.<\/li>\n<li>Libre de crueldad animal.<\/li>\n<\/ul>\n<p style=\"text-align: justify;\"><p style=\"text-align: justify;\"><span style=\"font-weight: 400;\"><a href=\"https:\/\/dev.infinitekparis.com\/mx\/contacto-whatsapp\/\" target=\"_blank\" rel=\"noopener noreferrer\"><strong>Para mayor informaci\u00f3n, comun\u00edcate con una de nuestras asesoras al n\u00famero (+52) 55 8789 4808.<\/strong><\/a><\/span><\/p>\n<p><span class=\"more_less less\">Ver menos<\/span><\/p>\n<\/div>\n","protected":false},"excerpt":{"rendered":"<p>Contiene 98% de Minerales Naturales del fango del Mar Muerto.<\/p>\n<ul>\n<li>Exfolia, Limpia y Detoxifica.<\/li>\n<li>Reduce la Apariencia de Manchas, Arrugas y Poros Dilatados.<\/li>\n<li>Disminuye y Previene la Apariencia de Acn\u00e9, Espinillas y Eczemas.<\/li>\n<li>Nutre, Hidrata y Remineraliza.<\/li>\n<\/ul>\n<p><strong>Contiene:<\/strong>\u00a0Extracto de Centella Asi\u00e1tica, Aquilea, Tusilago, Cal\u00e9ndula, Karit\u00e9 y Aceite de Almendras. Su f\u00f3rmula es rica en Vitamina A, E y Minerales naturales como el Magnesio, Sodio, Calcio y Potasio.<\/p>\n<div id=\"gtx-trans\" style=\"position: absolute; left: 172px; top: 33.3906px;\">\n<div class=\"gtx-trans-icon\"><\/div>\n<\/div>\n","protected":false},"featured_media":0,"comment_status":"open","ping_status":"closed","template":"","meta":[],"product_cat":[72,121,62],"product_tag":[],"_links":{"self":[{"href":"https:\/\/dev.infinitekparis.com\/mx\/wp-json\/wp\/v2\/product\/355"}],"collection":[{"href":"https:\/\/dev.infinitekparis.com\/mx\/wp-json\/wp\/v2\/product"}],"about":[{"href":"https:\/\/dev.infinitekparis.com\/mx\/wp-json\/wp\/v2\/types\/product"}],"replies":[{"embeddable":true,"href":"https:\/\/dev.infinitekparis.com\/mx\/wp-json\/wp\/v2\/comments?post=355"}],"wp:attachment":[{"href":"https:\/\/dev.infinitekparis.com\/mx\/wp-json\/wp\/v2\/media?parent=355"}],"wp:term":[{"taxonomy":"product_cat","embeddable":true,"href":"https:\/\/dev.infinitekparis.com\/mx\/wp-json\/wp\/v2\/product_cat?post=355"},{"taxonomy":"product_tag","embeddable":true,"href":"https:\/\/dev.infinitekparis.com\/mx\/wp-json\/wp\/v2\/product_tag?post=355"}],"curies":[{"name":"wp","href":"https:\/\/api.w.org\/{rel}","templated":true}]}}