{"id":406,"date":"2020-03-10T12:51:29","date_gmt":"2020-03-10T17:51:29","guid":{"rendered":"https:\/\/dev.infinitekparis.com\/tienda\/sin%20categor\u00eda\/serum-vitamina-c\/"},"modified":"2022-12-12T14:23:22","modified_gmt":"2022-12-12T19:23:22","slug":"serum-vitamina-c","status":"publish","type":"product","link":"https:\/\/dev.infinitekparis.com\/mx\/tienda\/rutina\/prevencion-proteccion\/serum-vitamina-c\/","title":{"rendered":"S\u00e9rum Vitamina C + Silicio Org\u00e1nico"},"content":{"rendered":"<p style=\"text-align: justify;\"><strong>S\u00e9rum Vitamina C + Silicio Org\u00e1nico<\/strong>: Potente antioxidante con alta concentraci\u00f3n de extractos naturales. Potencializa la luminosidad del rostro, disminuye l\u00edneas de expresi\u00f3n y arrugas, combate el envejecimiento prematuro, reafirma y fortalece. \u00a1Resultados notorios en d\u00edas o semanas! Contiene ingredientes activos dermatol\u00f3gicamente probados.<span class=\"more_less more\"> &#8230;Ver m\u00e1s<\/span><\/p>\n<div id=\"more_text\">\n<p style=\"text-align: justify;\"><strong>\u00bfPara qu\u00e9 sirve?<\/strong><\/p>\n<p style=\"text-align: justify;\">Su f\u00f3rmula inteligente fortalece la piel, combate los efectos de los radicales libres, la contaminaci\u00f3n y el da\u00f1o solar, principales causantes del envejecimiento prematuro de la piel. Ayuda a retexturizar la piel para una apariencia m\u00e1s firme, lisa y suave. Mejora y previene la apariencia de manchas, arrugas, l\u00edneas finas y p\u00e9rdida de firmeza. Act\u00faa como un potenciador de la luminosidad, mejorando y aclarando el tono de la piel, revel\u00e1ndola renovada, radiante y juvenil.<\/p>\n<p style=\"text-align: justify;\"><strong>Ingredientes Activos Dermatol\u00f3gicamente Probados.<\/strong><\/p>\n<ul style=\"text-align: justify;\">\n<li>PARA TODO TIPO DE PIEL \u2013 Sin adici\u00f3n de Parabenos, fragancias y Colorantes.<\/li>\n<li>Libre de crueldad animal.<\/li>\n<li>El olor y color del producto puede cambiar con el tiempo debido a la alta concentraci\u00f3n de extractos naturales.<\/li>\n<\/ul>\n<p style=\"text-align: justify;\">Envases amigables con el medio ambiente.<\/p>\n<p style=\"text-align: justify;\"><p style=\"text-align: justify;\"><span style=\"font-weight: 400;\"><a href=\"https:\/\/dev.infinitekparis.com\/mx\/contacto-whatsapp\/\" target=\"_blank\" rel=\"noopener noreferrer\"><strong>Para mayor informaci\u00f3n, comun\u00edcate con una de nuestras asesoras al n\u00famero (+52) 55 8789 4808.<\/strong><\/a><\/span><\/p>\n<p><span class=\"more_less less\">Ver menos<\/span><\/p>\n<\/div>\n","protected":false},"excerpt":{"rendered":"<ul>\n<li>Potenciador de Luminosidad.<\/li>\n<li>Aclara y Unifica el Tono de la Piel.<\/li>\n<li>Reafirma y Fortalece.<\/li>\n<li>Promueve la Renovaci\u00f3n Celular para una Apariencia m\u00e1s Sana y Joven.<\/li>\n<li>Combate el Envejecimiento Prematuro.<\/li>\n<\/ul>\n<p><strong>Ingredientes Activos Dermatol\u00f3gicamente Probados.<\/strong><\/p>\n<p><strong>Contiene<\/strong>: Vitamina C estabilizada con Silicio Org\u00e1nico, \u00c1cido Hialur\u00f3nico, Vitamina E, \u00c1cido Fer\u00falico, Ginkgo Biloba, Ginseng, Granada y T\u00e9 Verde.<\/p>\n","protected":false},"featured_media":0,"comment_status":"open","ping_status":"closed","template":"","meta":[],"product_cat":[72,62,122],"product_tag":[],"_links":{"self":[{"href":"https:\/\/dev.infinitekparis.com\/mx\/wp-json\/wp\/v2\/product\/406"}],"collection":[{"href":"https:\/\/dev.infinitekparis.com\/mx\/wp-json\/wp\/v2\/product"}],"about":[{"href":"https:\/\/dev.infinitekparis.com\/mx\/wp-json\/wp\/v2\/types\/product"}],"replies":[{"embeddable":true,"href":"https:\/\/dev.infinitekparis.com\/mx\/wp-json\/wp\/v2\/comments?post=406"}],"wp:attachment":[{"href":"https:\/\/dev.infinitekparis.com\/mx\/wp-json\/wp\/v2\/media?parent=406"}],"wp:term":[{"taxonomy":"product_cat","embeddable":true,"href":"https:\/\/dev.infinitekparis.com\/mx\/wp-json\/wp\/v2\/product_cat?post=406"},{"taxonomy":"product_tag","embeddable":true,"href":"https:\/\/dev.infinitekparis.com\/mx\/wp-json\/wp\/v2\/product_tag?post=406"}],"curies":[{"name":"wp","href":"https:\/\/api.w.org\/{rel}","templated":true}]}}