{"id":464,"date":"2020-03-10T14:30:49","date_gmt":"2020-03-10T19:30:49","guid":{"rendered":"https:\/\/dev.infinitekparis.com\/tienda\/sin%20categor\u00eda\/kit-facial-mascarilla-del-mar-muerto\/"},"modified":"2022-12-14T11:25:45","modified_gmt":"2022-12-14T16:25:45","slug":"kit-facial-mascarilla-del-mar-muerto","status":"publish","type":"product","link":"https:\/\/dev.infinitekparis.com\/mx\/tienda\/platine\/kit-facial-mascarilla-del-mar-muerto\/","title":{"rendered":"Kit Facial + Mascarilla del Mar Muerto"},"content":{"rendered":"<p style=\"text-align: justify;\">\u00bfTu piel luce deshidratada, reseca y con poca luminosidad? Nuestro <strong>Kit Facial + Mascarilla del Mar Muerto<\/strong> contiene 5 productos esenciales para renovar, exfoliar, hidratar y proteger tu piel. Su uso continuo demuestra cambios notorios en d\u00edas o semanas.<span class=\"more_less more\"> &#8230;Ver m\u00e1s<\/span><\/p>\n<div id=\"more_text\">\n<p style=\"text-align: justify;\">Los infaltables para tu piel:<\/p>\n<ul>\n<li style=\"text-align: justify;\"><strong><a class=\"row-title\" href=\"https:\/\/dev.infinitekparis.com\/mx\/tienda\/rutina\/prevencion\/serum-vitamina-c\/\">S\u00e9rum Vitamina C + Silicio Org\u00e1nico<\/a>. <\/strong>Formulado con Vitamina C, E y \u00c1cido Fer\u00falico para maximizar la acci\u00f3n antioxidante. Fortalece la piel, combate los efectos de los radicales libres, la contaminaci\u00f3n y el da\u00f1o solar, principales causantes del envejecimiento prematuro. Act\u00faa como un potenciador de luminosidad, mejorando y aclarando el tono de la piel, revel\u00e1ndola renovada, radiante y juvenil.\n<ul>\n<li style=\"text-align: justify;\"><strong>Contiene:<\/strong> Vitamina C estabilizada con Silicio Org\u00e1nico, \u00c1cido Hialur\u00f3nico, Vitamina E, \u00c1cido Fer\u00falico, Ginkgo Biloba, Ginseng, Granada y T\u00e9 Verde.<\/li>\n<\/ul>\n<\/li>\n<li style=\"text-align: justify;\"><strong><a class=\"row-title\" href=\"https:\/\/dev.infinitekparis.com\/mx\/tienda\/rutina\/antiedad-correccion\/serum-acido-hialuronico-silicio-organico\/\">S\u00e9rum \u00c1cido Hialur\u00f3nico + Silicio Org\u00e1nico<\/a>.<\/strong>Brinda una hidrataci\u00f3n intensa y duradera. Disminuye y previene la apariencia de arrugas y l\u00edneas finas. Visiblemente mejora la firmeza, el grosor y la textura; para una piel m\u00e1s densa, resistente y flexible.<\/li>\n<li style=\"text-align: justify;\"><strong><a class=\"row-title\" href=\"https:\/\/dev.infinitekparis.com\/mx\/tienda\/rutina\/antiedad-correccion\/multi-active-360-contorno-de-ojos\/\">Multi-Active 360 Contorno de Ojos<\/a>. <\/strong>Reafirma, ilumina e hidrata, mientras previene y disminuye la apariencia de ojeras, bolsas y arrugas. Gracias a su poder nutritivo y reparador brinda una sensaci\u00f3n de relajaci\u00f3n a los ojos cansados, revelando una mirada reluciente, fresca y juvenil.\n<ul>\n<li style=\"text-align: justify;\"><strong>Contiene:<\/strong> Cafe\u00edna, Retinol, \u00c1cido Hialur\u00f3nico, Flor de Sa\u00faco, Col\u00e1geno, Caviar, Elastina y Aceite de Aguacate.<\/li>\n<\/ul>\n<\/li>\n<li style=\"text-align: justify;\"><strong><a class=\"row-title\" href=\"https:\/\/dev.infinitekparis.com\/mx\/tienda\/rutina\/antiedad-correccion\/crema-humectante-retinol\/\">Crema Humectante Retinol<\/a>. <\/strong>Ayuda a estimular la renovaci\u00f3n celular y la s\u00edntesis de col\u00e1geno, ayudando a disminuir y prevenir la apariencia de poros dilatados, manchas, arrugas y l\u00edneas de expresi\u00f3n. Humecta, hidrata y reafirma, mientras mejora la textura y el tono de la piel, revel\u00e1ndola m\u00e1s sana, radiante y tersa.\n<ul>\n<li style=\"text-align: justify;\"><strong>Contiene:<\/strong> Activo Retinol, \u00c1cido Hialur\u00f3nico, Aloe Vera, Aceite de Jojoba, Macadamia, Girasol, Vitamina E, Karit\u00e9 y T\u00e9 Verde.<\/li>\n<\/ul>\n<\/li>\n<li style=\"text-align: justify;\"><strong><a class=\"row-title\" href=\"https:\/\/dev.infinitekparis.com\/mx\/tienda\/rutina\/mascarilla\/mascarilla-del-mar-muerto\/\">Mascarilla del Mar Muerto<\/a>. <\/strong>Dise\u00f1ada para prevenir y disminuir la apariencia de acn\u00e9, espinillas, eczemas y poros dilatados. Su f\u00f3rmula antioxidante y remineralizante, limpia, purifica y restaura el equilibrio natural de la piel. Absorbe el exceso de grasa y desintoxica los poros a profundidad, eliminando impurezas y c\u00e9lulas muertas.\n<ul>\n<li style=\"text-align: justify;\"><strong>Contiene:<\/strong> Extracto de Centella Asi\u00e1tica, Aquilea, Tusilago, Cal\u00e9ndula, Karit\u00e9 y Aceite de Almendras. Su f\u00f3rmula es rica en Vitamina A, E y Minerales naturales como el Magnesio, Sodio, Calcio y Potasio.<\/li>\n<\/ul>\n<\/li>\n<\/ul>\n<p style=\"text-align: justify;\"><p style=\"text-align: justify;\"><span style=\"font-weight: 400;\"><a href=\"https:\/\/dev.infinitekparis.com\/mx\/contacto-whatsapp\/\" target=\"_blank\" rel=\"noopener noreferrer\"><strong>Para mayor informaci\u00f3n, comun\u00edcate con una de nuestras asesoras al n\u00famero (+52) 55 8789 4808.<\/strong><\/a><\/span><\/p>\n<p><span class=\"more_less less\">Ver menos<\/span><\/p>\n<\/div>\n","protected":false},"excerpt":{"rendered":"<p>*Ingredientes Activos con estudios de efectividad. Su uso continuo resalta cambios en la piel que se hacen notorios en d\u00edas o semanas.<\/p>\n<ul>\n<li>S\u00e9rum Vitamina C + Silicio Org\u00e1nico.<\/li>\n<li>S\u00e9rum \u00c1cido Hialur\u00f3nico + Silicio Org\u00e1nico.<\/li>\n<li>Crema Humectante Retinol.<\/li>\n<li>Multi-Active 360 Contorno de Ojos.<\/li>\n<li>Mascarilla del Mar Muerto.<\/li>\n<\/ul>\n<p><strong>Ingredientes Activos Dermatol\u00f3gicamente Probados.<\/strong><\/p>\n","protected":false},"featured_media":0,"comment_status":"open","ping_status":"closed","template":"","meta":[],"product_cat":[72,80,62],"product_tag":[],"_links":{"self":[{"href":"https:\/\/dev.infinitekparis.com\/mx\/wp-json\/wp\/v2\/product\/464"}],"collection":[{"href":"https:\/\/dev.infinitekparis.com\/mx\/wp-json\/wp\/v2\/product"}],"about":[{"href":"https:\/\/dev.infinitekparis.com\/mx\/wp-json\/wp\/v2\/types\/product"}],"replies":[{"embeddable":true,"href":"https:\/\/dev.infinitekparis.com\/mx\/wp-json\/wp\/v2\/comments?post=464"}],"wp:attachment":[{"href":"https:\/\/dev.infinitekparis.com\/mx\/wp-json\/wp\/v2\/media?parent=464"}],"wp:term":[{"taxonomy":"product_cat","embeddable":true,"href":"https:\/\/dev.infinitekparis.com\/mx\/wp-json\/wp\/v2\/product_cat?post=464"},{"taxonomy":"product_tag","embeddable":true,"href":"https:\/\/dev.infinitekparis.com\/mx\/wp-json\/wp\/v2\/product_tag?post=464"}],"curies":[{"name":"wp","href":"https:\/\/api.w.org\/{rel}","templated":true}]}}