{"id":472,"date":"2020-03-10T14:36:12","date_gmt":"2020-03-10T19:36:12","guid":{"rendered":"https:\/\/dev.infinitekparis.com\/tienda\/sin%20categor\u00eda\/the-perfect-match\/"},"modified":"2022-11-10T00:01:42","modified_gmt":"2022-11-10T05:01:42","slug":"the-perfect-match","status":"publish","type":"product","link":"https:\/\/dev.infinitekparis.com\/mx\/tienda\/platine\/the-perfect-match\/","title":{"rendered":"Kit The Perfect Match"},"content":{"rendered":"<p style=\"text-align: justify;\"><strong>\u00a1El Kit ideal para el cuidado de la piel!<\/strong> Dermo-Clean Soluci\u00f3n Micelar: desmaquilla y elimina impurezas. S\u00e9rum Vitamina C + Silicio Org\u00e1nico: Antioxidante, ilumina y aclara. S\u00e9rum \u00c1cido Hialur\u00f3nico + Silicio Org\u00e1nico: Reafirma e hidrata. Multi-Active 360 Contorno de ojos: Disminuye ojeras, bolsas y arrugas. Protector Solar SPF 50: Protege de los rayos UVA, UVB, luz azul y artificial. Mascarilla del Mar Muerto: Exfolia, limpia y detoxifica. \u00a16 esenciales que tu piel amar\u00e1!<span class=\"more_less more\"> &#8230;Ver m\u00e1s<\/span><\/p>\n<div id=\"more_text\">\n<p style=\"text-align: justify;\">Los infaltables para tu piel:<\/p>\n<ul style=\"text-align: justify;\">\n<li><a href=\"https:\/\/dev.infinitekparis.com\/mx\/tienda\/rutina\/limpieza\/dermo-clean-solucion-micelar\/\" target=\"_blank\" rel=\"noopener\"><strong>Dermo-Clean Soluci\u00f3n Micelar<\/strong><strong>. <\/strong><\/a>\u00a1Luce una piel fresca y juvenil! Nuestra Dermo-Clean elimina impurezas y maquillaje a prueba de agua. Su innovadora y exclusiva f\u00f3rmula tonifica, aclara, nutre e hidrata.<\/li>\n<li style=\"text-align: justify;\"><strong><a class=\"row-title\" href=\"https:\/\/dev.infinitekparis.com\/mx\/tienda\/rutina\/prevencion\/serum-vitamina-c\/\">S\u00e9rum Vitamina C + Silicio Org\u00e1nico<\/a>.<\/strong> Fortalece la piel, combate los efectos de los radicales libres, la contaminaci\u00f3n y el da\u00f1o solar, principales causantes del envejecimiento prematuro. Act\u00faa como un potenciador de luminosidad, mejorando y aclarando el tono de la piel, revel\u00e1ndola renovada, radiante y juvenil.\n<ul>\n<li style=\"text-align: justify;\"><strong>Contiene:<\/strong> Vitamina C estabilizada con Silicio Org\u00e1nico, \u00c1cido Hialur\u00f3nico, Vitamina E, \u00c1cido Fer\u00falico, Ginkgo Biloba, Ginseng, Granada y T\u00e9 Verde.<\/li>\n<\/ul>\n<\/li>\n<li style=\"text-align: justify;\"><strong><a class=\"row-title\" href=\"https:\/\/dev.infinitekparis.com\/mx\/tienda\/rutina\/antiedad-correccion\/serum-acido-hialuronico-silicio-organico\/\">S\u00e9rum \u00c1cido Hialur\u00f3nico + Silicio Org\u00e1nico<\/a>.<\/strong> Brinda una hidrataci\u00f3n intensa y duradera. Disminuye y previene la apariencia de arrugas y l\u00edneas finas. Visiblemente mejora la firmeza, el grosor y la textura; para una piel m\u00e1s densa, resistente y flexible.<\/li>\n<li style=\"text-align: justify;\"><strong><strong><a class=\"row-title\" href=\"https:\/\/dev.infinitekparis.com\/mx\/tienda\/rutina\/antiedad-correccion\/multi-active-360-contorno-de-ojos\/\">Multi-Active 360 Contorno de Ojos<\/a><\/strong>. <\/strong>Reafirma, ilumina e hidrata, mientras previene y disminuye la apariencia de ojeras, bolsas y arrugas. Gracias a su poder nutritivo y reparador brinda una sensaci\u00f3n de relajaci\u00f3n a los ojos cansados, revelando una mirada reluciente, fresca y juvenil.\n<ul>\n<li style=\"text-align: justify;\"><strong>Contiene:<\/strong> Cafe\u00edna, Retinol, \u00c1cido Hialur\u00f3nico, Flor de Sa\u00faco, Col\u00e1geno, Caviar, Elastina y Aceite de Aguacate.<\/li>\n<\/ul>\n<\/li>\n<li style=\"text-align: justify;\"><strong><a class=\"row-title\" href=\"https:\/\/dev.infinitekparis.com\/mx\/tienda\/rutina\/mascarilla\/mascarilla-del-mar-muerto\/\">Mascarilla del Mar Muerto<\/a>. <\/strong>Dise\u00f1ada para prevenir y disminuir la apariencia de acn\u00e9, espinillas, eczemas y poros dilatados. Su f\u00f3rmula antioxidante y remineralizante, limpia, purifica y restaura el equilibrio natural de la piel. Absorbe el exceso de grasa y desintoxica los poros a profundidad, eliminando impurezas y c\u00e9lulas muertas.\n<ul>\n<li style=\"text-align: justify;\"><strong>Contiene:<\/strong> Extracto de Centella Asi\u00e1tica, Aquilea, Tusilago, Cal\u00e9ndula, Karit\u00e9 y Aceite de Almendras. Su f\u00f3rmula es rica en Vitamina A, E y Minerales naturales como el Magnesio, Sodio, Calcio y Potasio.<\/li>\n<\/ul>\n<\/li>\n<li style=\"text-align: justify;\"><strong><a href=\"https:\/\/dev.infinitekparis.com\/mx\/tienda\/elementaire\/protector-solar-ultra-protection-spf-50\/\" target=\"_blank\" rel=\"noopener noreferrer\">Protector Solar Ultra-Protection SPF 50<\/a>. <\/strong>Infinitek\u00ae Paris Protector Solar Ultra-Protection SPF 50, F\u00f3rmula 100% mineral, brinda una protecci\u00f3n de amplio espectro contra los rayos UVA, UVB y Luz Azul, previniendo y mejorando los signos del envejecimiento como las manchas oscuras y el riesgo de c\u00e1ncer de piel.<\/li>\n<\/ul>\n<p style=\"text-align: justify;\">Adem\u00e1s de proteger e hidratar funciona como Primer Facial con acabado mate. Su tinte es de color universal (formulado para todos los tonos de piel), es de textura suave, liviana y no grasa, proporciona una correcci\u00f3n de color instant\u00e1nea para lucir un tono m\u00e1s uniforme, radiante y juvenil.<\/p>\n<p style=\"text-align: justify;\"><p style=\"text-align: justify;\"><span style=\"font-weight: 400;\"><a href=\"https:\/\/dev.infinitekparis.com\/mx\/contacto-whatsapp\/\" target=\"_blank\" rel=\"noopener noreferrer\"><strong>Para mayor informaci\u00f3n, comun\u00edcate con una de nuestras asesoras al n\u00famero (+52) 55 8789 4808.<\/strong><\/a><\/span><\/p>\n<p style=\"text-align: justify;\"><span class=\"more_less less\">Ver menos<\/span><\/p>\n<\/div>\n","protected":false},"excerpt":{"rendered":"<p>Traemos el match perfecto para tu piel: limpieza, cuidado, prevenci\u00f3n, protecci\u00f3n y belleza en un solo kit, \u00a1tu piel lo amar\u00e1!<\/p>\n<ul>\n<li>Dermo-Clean Soluci\u00f3n Micelar<\/li>\n<li>S\u00e9rum Vitamina C.<\/li>\n<li>S\u00e9rum \u00c1cido Hialur\u00f3nico.<\/li>\n<li>Multi-Active 360 Contorno de Ojos.<\/li>\n<li>Mascarilla del Mar Muerto.<\/li>\n<li>Protector Solar Ultra-Protection SPF 50.<\/li>\n<\/ul>\n<p><strong>Ingredientes Activos Dermatol\u00f3gicamente Probados.<\/strong><\/p>\n","protected":false},"featured_media":0,"comment_status":"open","ping_status":"closed","template":"","meta":[],"product_cat":[72,80,62],"product_tag":[],"_links":{"self":[{"href":"https:\/\/dev.infinitekparis.com\/mx\/wp-json\/wp\/v2\/product\/472"}],"collection":[{"href":"https:\/\/dev.infinitekparis.com\/mx\/wp-json\/wp\/v2\/product"}],"about":[{"href":"https:\/\/dev.infinitekparis.com\/mx\/wp-json\/wp\/v2\/types\/product"}],"replies":[{"embeddable":true,"href":"https:\/\/dev.infinitekparis.com\/mx\/wp-json\/wp\/v2\/comments?post=472"}],"wp:attachment":[{"href":"https:\/\/dev.infinitekparis.com\/mx\/wp-json\/wp\/v2\/media?parent=472"}],"wp:term":[{"taxonomy":"product_cat","embeddable":true,"href":"https:\/\/dev.infinitekparis.com\/mx\/wp-json\/wp\/v2\/product_cat?post=472"},{"taxonomy":"product_tag","embeddable":true,"href":"https:\/\/dev.infinitekparis.com\/mx\/wp-json\/wp\/v2\/product_tag?post=472"}],"curies":[{"name":"wp","href":"https:\/\/api.w.org\/{rel}","templated":true}]}}