{"id":562739,"date":"2021-08-02T17:04:34","date_gmt":"2021-10-05T14:14:10","guid":{"rendered":"https:\/\/dev.infinitekparis.com\/?post_type=product&#038;p=562739"},"modified":"2022-12-12T14:25:43","modified_gmt":"2022-12-12T19:25:43","slug":"mascarilla-del-mar-muerto-silicone-mask-brush","status":"publish","type":"product","link":"https:\/\/dev.infinitekparis.com\/mx\/tienda\/rutina\/mask\/mascarilla-del-mar-muerto-silicone-mask-brush\/","title":{"rendered":"Mascarilla del Mar Muerto + Silicone Mask Brush"},"content":{"rendered":"<p style=\"text-align: justify;\"><strong>Mascarilla del Mar Muerto<\/strong><\/p>\n<p style=\"text-align: justify;\">Contiene 98% de Minerales Naturales del fango del Mar Muerto. Exfolia, limpia y detoxifica la piel. Remineraliza y nutre, previniendo y disminuyendo manchas, arrugas, poros dilatados y oleosidad. Ideal para pieles con tendencia a acn\u00e9 o piel grasa.<span class=\"more_less more\"> &#8230;Ver m\u00e1s<\/span><\/p>\n<div id=\"more_text\">\n<p style=\"text-align: justify;\"><strong>\u00bfPara qu\u00e9 sirve?<\/strong><\/p>\n<p style=\"text-align: justify;\">Su f\u00f3rmula antioxidante y remineralizante, limpia, purifica y restaura el equilibrio natural de la piel. Absorbe el exceso de grasa y desintoxica los poros a profundidad, eliminando impurezas y c\u00e9lulas muertas. Previene y disminuye la apariencia de acn\u00e9, espinillas y eczemas; mientras mejora la textura y aclara el tono de la piel, revel\u00e1ndola radiante, renovada y juvenil.<\/p>\n<p style=\"text-align: justify;\">Su f\u00f3rmula multifuncional nutre, hidrata y regenera la piel, mientras disminuye la apariencia de manchas, arrugas y poros dilatados. Es ideal para pieles propensas al acn\u00e9.<\/p>\n<ul style=\"text-align: justify;\">\n<li>PARA TODO TIPO DE PIEL \u2013 Sin adici\u00f3n de Parabenos, fragancias y colorantes.<\/li>\n<li>Libre de crueldad animal.<\/li>\n<\/ul>\n<p style=\"text-align: justify;\"><strong>Silicone Mask Brush<\/strong><\/p>\n<p style=\"text-align: justify;\">Infinitek\u00ae Paris SILICONE MASK BRUSH, es una esp\u00e1tula de silicona reutilizable, pr\u00e1ctica e higi\u00e9nica, ideal para aplicar mascarillas faciales de manera uniforme y evitar el desperdicio de producto.<\/p>\n<p style=\"text-align: justify;\"><strong>Recomendaciones de limpieza:<\/strong><\/p>\n<p style=\"text-align: justify;\">Aplicar jab\u00f3n y lavar con agua tibia.<\/p>\n<p style=\"text-align: justify;\"><p style=\"text-align: justify;\"><span style=\"font-weight: 400;\"><a href=\"https:\/\/dev.infinitekparis.com\/mx\/contacto-whatsapp\/\" target=\"_blank\" rel=\"noopener noreferrer\"><strong>Para mayor informaci\u00f3n, comun\u00edcate con una de nuestras asesoras al n\u00famero (+52) 55 8789 4808.<\/strong><\/a><\/span><\/p>\n<p><span class=\"more_less less\">Ver menos<\/span><\/p>\n<\/div>\n","protected":false},"excerpt":{"rendered":"<p>Remineraliza, limpia y detoxifica tu piel con nuestra <strong>Mascarilla del Mar Muerto<\/strong>. Usa la <strong>Silicone Mask Brush<\/strong> para aplicarla de manera uniforme, evitando el desperdicio de producto.<\/p>\n<ul>\n<li>Exfolia, limpia y detoxifica.<\/li>\n<li>Reduce la apariencia de manchas, arrugas y poros dilatados.<\/li>\n<li>Disminuye y previene la apariencia de acn\u00e9, espinillas y eczemas.<\/li>\n<li>Nutre, hidrata y remineraliza.<\/li>\n<\/ul>\n<p style=\"text-align: left;\"><strong>Contiene:<\/strong>\u00a0Extracto de Centella Asi\u00e1tica, Aquilea, Tusilago, Cal\u00e9ndula, Karit\u00e9 y Aceite de Almendras. Su f\u00f3rmula es rica en Vitamina A, E y Minerales naturales como el Magnesio, Sodio, Calcio y Potasio.<\/p>\n","protected":false},"featured_media":0,"comment_status":"open","ping_status":"closed","template":"","meta":[],"product_cat":[72,80,121,62],"product_tag":[],"_links":{"self":[{"href":"https:\/\/dev.infinitekparis.com\/mx\/wp-json\/wp\/v2\/product\/562739"}],"collection":[{"href":"https:\/\/dev.infinitekparis.com\/mx\/wp-json\/wp\/v2\/product"}],"about":[{"href":"https:\/\/dev.infinitekparis.com\/mx\/wp-json\/wp\/v2\/types\/product"}],"replies":[{"embeddable":true,"href":"https:\/\/dev.infinitekparis.com\/mx\/wp-json\/wp\/v2\/comments?post=562739"}],"wp:attachment":[{"href":"https:\/\/dev.infinitekparis.com\/mx\/wp-json\/wp\/v2\/media?parent=562739"}],"wp:term":[{"taxonomy":"product_cat","embeddable":true,"href":"https:\/\/dev.infinitekparis.com\/mx\/wp-json\/wp\/v2\/product_cat?post=562739"},{"taxonomy":"product_tag","embeddable":true,"href":"https:\/\/dev.infinitekparis.com\/mx\/wp-json\/wp\/v2\/product_tag?post=562739"}],"curies":[{"name":"wp","href":"https:\/\/api.w.org\/{rel}","templated":true}]}}