{"id":569910,"date":"2021-10-11T16:45:12","date_gmt":"2021-10-11T21:45:13","guid":{"rendered":"https:\/\/dev.infinitekparis.com\/?post_type=product&#038;p=569910"},"modified":"2022-11-18T16:38:30","modified_gmt":"2022-11-18T21:38:30","slug":"kit-anti-manchas","status":"publish","type":"product","link":"https:\/\/dev.infinitekparis.com\/mx\/tienda\/platine\/kit-anti-manchas\/","title":{"rendered":"Kit Anti-Manchas"},"content":{"rendered":"<p style=\"text-align: justify;\">\u00a0\u00a1El kit que tu piel amar\u00e1! Estas 4 f\u00f3rmulas est\u00e1n especializadas para disminuir, corregir y evitar las manchas en la piel. Existen diversos factores como el acn\u00e9, los rayos solares y el embarazo que tienden a dejar secuelas, si este es tu caso y no sabes qu\u00e9 hacer te recomendamos este kit.<span class=\"more_less more\"> &#8230;Ver m\u00e1s<\/span><\/p>\n<div id=\"more_text\">\n<ul>\n<li style=\"text-align: justify;\"><a href=\"https:\/\/dev.infinitekparis.com\/mx\/tienda\/platine\/serum-vitamina-c\/\" target=\"_blank\" rel=\"noopener\"><strong>S\u00e9rum Vitamina C + Silicio Org\u00e1nico.<\/strong><\/a> Act\u00faa como un potenciador de la luminosidad, mejorando y aclarando el tono de la piel, revel\u00e1ndola renovada, radiante y juvenil.<\/li>\n<li style=\"text-align: justify;\"><a href=\"https:\/\/dev.infinitekparis.com\/mx\/tienda\/elementaire\/protector-solar-ultra-protection-spf-50\/\" target=\"_blank\" rel=\"noopener\"><strong>Protector Solar Ultra-Protection SPF 50.<\/strong><\/a>\u00a0Mejora y previene la aparici\u00f3n de manchas en la piel, te protege del c\u00e1ncer de piel y, adem\u00e1s, funciona como primer facial con acabado mate.<\/li>\n<li style=\"text-align: justify;\"><a href=\"https:\/\/dev.infinitekparis.com\/mx\/tienda\/naturel\/aceite-rosa-mosqueta\/\" target=\"_blank\" rel=\"noopener\"><strong>Crema Humectante Retinol.<\/strong><\/a>\u00a0Estimula la renovaci\u00f3n celular y la s\u00edntesis de col\u00e1geno, ayudando a disminuir y prevenir la apariencia de manchas, mejorando la textura y el tono de la piel.<\/li>\n<li style=\"text-align: justify;\"><a href=\"https:\/\/dev.infinitekparis.com\/mx\/tienda\/platine\/crema-humectante-retinol\/\" target=\"_blank\" rel=\"noopener\"><strong>Aceite Rosa Mosqueta.<\/strong><\/a>\u00a0Con Vitamina E, Aceite de Durazno, Burit\u00ed y Ca\u00f1a de Az\u00facar. Es ideal para el tratamiento de cicatrices, manchas, l\u00edneas de expresi\u00f3n, arrugas, estr\u00edas y deshidrataci\u00f3n de la piel.<\/li>\n<\/ul>\n<p style=\"text-align: justify;\"><p style=\"text-align: justify;\"><span style=\"font-weight: 400;\"><a href=\"https:\/\/dev.infinitekparis.com\/mx\/contacto-whatsapp\/\" target=\"_blank\" rel=\"noopener noreferrer\"><strong>Para mayor informaci\u00f3n, comun\u00edcate con una de nuestras asesoras al n\u00famero (+52) 55 8789 4808.<\/strong><\/a><\/span><\/p>\n<p><span class=\"more_less less\">Ver menos<\/span><\/p>\n<\/div>\n","protected":false},"excerpt":{"rendered":"<p>4 esenciales para prevenir y corregir las manchas de la piel:<\/p>\n<ul>\n<li><strong>S\u00e9rum Vitamina C + Silicio Org\u00e1nico.<\/strong>\u00a0Aclara y unifica el tono de la piel.<\/li>\n<li><strong>Protector Solar Ultra-Protection SPF 50.<\/strong> Protege tu piel contra los rayos solares UVB, UVA, luz azul y artificial.<\/li>\n<li><strong>Crema Humectante Retinol.<\/strong>\u00a0Combate las manchas, mejora la textura y disminuye los poros dilatados.<\/li>\n<li><strong>Aceite Rosa Mosqueta.<\/strong>\u00a0Su f\u00f3rmula es ideal para disminuir las cicatrices, manchas y reparar la piel.<\/li>\n<\/ul>\n","protected":false},"featured_media":0,"comment_status":"open","ping_status":"closed","template":"","meta":[],"product_cat":[72,80,62],"product_tag":[],"_links":{"self":[{"href":"https:\/\/dev.infinitekparis.com\/mx\/wp-json\/wp\/v2\/product\/569910"}],"collection":[{"href":"https:\/\/dev.infinitekparis.com\/mx\/wp-json\/wp\/v2\/product"}],"about":[{"href":"https:\/\/dev.infinitekparis.com\/mx\/wp-json\/wp\/v2\/types\/product"}],"replies":[{"embeddable":true,"href":"https:\/\/dev.infinitekparis.com\/mx\/wp-json\/wp\/v2\/comments?post=569910"}],"wp:attachment":[{"href":"https:\/\/dev.infinitekparis.com\/mx\/wp-json\/wp\/v2\/media?parent=569910"}],"wp:term":[{"taxonomy":"product_cat","embeddable":true,"href":"https:\/\/dev.infinitekparis.com\/mx\/wp-json\/wp\/v2\/product_cat?post=569910"},{"taxonomy":"product_tag","embeddable":true,"href":"https:\/\/dev.infinitekparis.com\/mx\/wp-json\/wp\/v2\/product_tag?post=569910"}],"curies":[{"name":"wp","href":"https:\/\/api.w.org\/{rel}","templated":true}]}}