{"id":633430,"date":"2022-01-10T23:59:34","date_gmt":"2022-01-11T04:59:34","guid":{"rendered":"https:\/\/dev.infinitekparis.com\/?post_type=product&#038;p=633430"},"modified":"2022-11-10T00:02:03","modified_gmt":"2022-11-10T05:02:03","slug":"kit-21-dias","status":"publish","type":"product","link":"https:\/\/dev.infinitekparis.com\/mx\/tienda\/platine\/kit-21-dias\/","title":{"rendered":"Kit 21 D\u00edas"},"content":{"rendered":"<p style=\"text-align: justify;\">\u00bfDeseas mejorar la apariencia de manchas, arrugas, l\u00edneas de expresi\u00f3n y deshidrataci\u00f3n? Renueva tu piel con nuestro Kit 21 d\u00edas que te ayudar\u00e1 a darle luminosidad, hidrataci\u00f3n y firmeza a tu piel mientras la proteges contra factores externos como los rayos solares, la contaminaci\u00f3n y los radicales libres.<\/p>\n<p style=\"text-align: justify;\">Sigue este paso a paso y conoce los beneficios<\/p>\n<ul style=\"text-align: justify;\">\n<li style=\"text-align: justify;\"><strong>PASO 1 <a href=\"https:\/\/dev.infinitekparis.com\/tienda\/platine\/mascarilla-del-mar-muerto\/\">Mascarilla del Mar Muerto.<\/a><\/strong>\u00a0Su f\u00f3rmula antioxidante y remineralizante, limpia, purifica y restaura el equilibrio natural de la piel. Absorbe el exceso de grasa y desintoxica los poros a profundidad, eliminando impurezas y c\u00e9lulas muertas. Previene y disminuye la apariencia de acn\u00e9, espinillas y eczemas; mientras mejora la textura y aclara el tono de la piel, revel\u00e1ndola radiante, renovada y juvenil.<\/li>\n<li style=\"text-align: justify;\"><strong>PASO 2 <\/strong><a href=\"https:\/\/dev.infinitekparis.com\/tienda\/platine\/serum-vitamina-c\/\"><strong>S\u00e9rum Vitamina C + Silicio Org\u00e1nico. <\/strong><\/a>Su f\u00f3rmula inteligente fortalece la piel, combate los efectos de los radicales libres, la contaminaci\u00f3n y el da\u00f1o solar, principales causantes del envejecimiento prematuro de la piel. Ayuda a retexturizar la piel para una apariencia m\u00e1s firme, lisa y suave. Mejora y previene la apariencia de manchas, arrugas, l\u00edneas finas y p\u00e9rdida de firmeza. Act\u00faa como un potenciador de la luminosidad, mejorando y aclarando el tono de la piel, revel\u00e1ndola renovada, radiante y juvenil.<\/li>\n<li style=\"text-align: justify;\"><strong>PASO 3 <\/strong><a href=\"https:\/\/dev.infinitekparis.com\/tienda\/platine\/multi-active-360-contorno-de-ojos\/\"><strong>Multi<\/strong><strong> Active 360 Contorno de Ojos.<\/strong><\/a> Su exclusiva f\u00f3rmula, reafirma, hidrata, suaviza, ilumina y descongestiona el contorno de los ojos.\u00a0Dise\u00f1ado para prevenir y corregir los signos visibles del envejecimiento como l\u00edneas finas, arrugas, deshidrataci\u00f3n y p\u00e9rdida de firmeza. Su f\u00f3rmula multifunci\u00f3n reafirma, ilumina e hidrata la zona del contorno de ojos, mientras previene y disminuye la apariencia de ojeras, bolsas y arrugas.<\/li>\n<li style=\"text-align: justify;\"><strong>PASO 4 <\/strong><a href=\"https:\/\/dev.infinitekparis.com\/tienda\/platine\/serum-acido-hialuronico-silicio-organico\/\"><strong>S\u00e9rum<\/strong><strong> \u00c1cido Hialur\u00f3nico + Silicio Org\u00e1nico.<\/strong><\/a>\u00a0Brinda una hidrataci\u00f3n intensa y duradera. Disminuye y previene la apariencia de arrugas y l\u00edneas finas. Visiblemente mejora el grosor y la textura; para una piel m\u00e1s densa, resistente y flexible; capaz de combatir los efectos de los radicales libres, el estr\u00e9s y la fatiga. Rellena y reafirma, para una apariencia m\u00e1s joven y saludable.<\/li>\n<li style=\"text-align: justify;\"><strong>PASO 5 <\/strong><a href=\"https:\/\/dev.infinitekparis.com\/tienda\/elementaire\/protector-solar-ultra-protection-spf-50\/\"><strong>Protector Solar Ultra <\/strong><strong>Protection<\/strong><strong> SPF 50.<\/strong><\/a> Brinda una protecci\u00f3n de amplio espectro contra los rayos UVA, UVB y Luz Azul, previniendo y mejorando los signos del envejecimiento como las manchas oscuras y el riesgo de c\u00e1ncer de piel. Adem\u00e1s de proteger e hidratar funciona como Primer Facial con acabado mate.<\/li>\n<\/ul>\n<p style=\"text-align: justify;\"><span style=\"font-weight: 400;\"><a href=\"https:\/\/dev.infinitekparis.com\/mx\/contacto-whatsapp\/\" target=\"_blank\" rel=\"noopener noreferrer\"><strong>Para mayor informaci\u00f3n, comun\u00edcate con una de nuestras asesoras al n\u00famero (+52) 55 8789 4808.<\/strong><\/a><\/span><\/p>\n","protected":false},"excerpt":{"rendered":"<p>Nuestro Kit 21 d\u00edas te retar\u00e1 a convertir tu rutina de skincare en tu nuevo ritual de amor. Renueva, hidrata, ilumina y previene la apariencia de los signos del envejecimiento. \u00a1Tu momento es ahora!<\/p>\n<ul>\n<li>S\u00e9rum Vitamina C + Silicio Org\u00e1nico.<\/li>\n<li>Multi Active 360 Contorno de Ojos.<\/li>\n<li>S\u00e9rum \u00c1cido Hialur\u00f3nico + Silicio Org\u00e1nico.<\/li>\n<li>Protector Solar Ultra Protection SPF 50.<\/li>\n<li>Mascarilla del Mar Muerto.<\/li>\n<\/ul>\n","protected":false},"featured_media":0,"comment_status":"open","ping_status":"closed","template":"","meta":[],"product_cat":[72,80,62],"product_tag":[],"_links":{"self":[{"href":"https:\/\/dev.infinitekparis.com\/mx\/wp-json\/wp\/v2\/product\/633430"}],"collection":[{"href":"https:\/\/dev.infinitekparis.com\/mx\/wp-json\/wp\/v2\/product"}],"about":[{"href":"https:\/\/dev.infinitekparis.com\/mx\/wp-json\/wp\/v2\/types\/product"}],"replies":[{"embeddable":true,"href":"https:\/\/dev.infinitekparis.com\/mx\/wp-json\/wp\/v2\/comments?post=633430"}],"wp:attachment":[{"href":"https:\/\/dev.infinitekparis.com\/mx\/wp-json\/wp\/v2\/media?parent=633430"}],"wp:term":[{"taxonomy":"product_cat","embeddable":true,"href":"https:\/\/dev.infinitekparis.com\/mx\/wp-json\/wp\/v2\/product_cat?post=633430"},{"taxonomy":"product_tag","embeddable":true,"href":"https:\/\/dev.infinitekparis.com\/mx\/wp-json\/wp\/v2\/product_tag?post=633430"}],"curies":[{"name":"wp","href":"https:\/\/api.w.org\/{rel}","templated":true}]}}