{"id":710792,"date":"2022-06-01T00:04:10","date_gmt":"2022-06-01T05:04:16","guid":{"rendered":"https:\/\/dev.infinitekparis.com\/?post_type=product&#038;p=710792"},"modified":"2022-11-16T12:59:36","modified_gmt":"2022-11-16T17:59:36","slug":"kit-4-pasos","status":"publish","type":"product","link":"https:\/\/dev.infinitekparis.com\/mx\/tienda\/platine\/kit-4-pasos\/","title":{"rendered":"Kit 4 Pasos"},"content":{"rendered":"<p style=\"text-align: justify;\">Conoce nuestro infaltable Kit 4 Pasos ideal para hidratar, proteger y renovar tu piel en tu d\u00eda a d\u00eda.<\/p>\n<ul>\n<li style=\"text-align: justify;\"><a href=\"https:\/\/dev.infinitekparis.com\/mx\/tienda\/platine\/serum-vitamina-c\/\"><strong>S\u00e9rum<\/strong><strong> Vitamina C + Silicio Org\u00e1nico.<\/strong><\/a> Formulado con Vitamina C, E y \u00c1cido Fer\u00falico para maximizar la acci\u00f3n antioxidante. Fortalece la piel, combate los efectos de los radicales libres, la contaminaci\u00f3n y el da\u00f1o solar, principales causantes del envejecimiento prematuro. Act\u00faa como un potenciador de luminosidad, mejorando y aclarando el tono de la piel, revel\u00e1ndola renovada, radiante y juvenil.\n<ul>\n<li><strong>Contiene:<\/strong> Vitamina C estabilizada con Silicio Org\u00e1nico, \u00c1cido Hialur\u00f3nico, Vitamina E, \u00c1cido Fer\u00falico, Ginkgo Biloba, Ginseng, Granada y T\u00e9 Verde.<\/li>\n<\/ul>\n<\/li>\n<li style=\"text-align: justify;\"><a href=\"https:\/\/dev.infinitekparis.com\/mx\/tienda\/platine\/multi-active-360-contorno-de-ojos\/\"><strong>Multi-Active 360 Contorno de Ojos<\/strong><\/a><strong>. <\/strong>Reafirma, ilumina e hidrata, mientras previene y disminuye la apariencia de ojeras, bolsas y arrugas. Gracias a su poder nutritivo y reparador brinda una sensaci\u00f3n de relajaci\u00f3n a los ojos cansados, revelando una mirada reluciente, fresca y juvenil.\n<ul>\n<li><strong>Contiene:<\/strong> Cafe\u00edna, Retinol, \u00c1cido Hialur\u00f3nico, Flor de Sa\u00faco, Col\u00e1geno, Caviar, Elastina y Aceite de Aguacate.<\/li>\n<\/ul>\n<\/li>\n<li style=\"text-align: justify;\"><a href=\"https:\/\/dev.infinitekparis.com\/mx\/tienda\/platine\/serum-acido-hialuronico-silicio-organico\/\"><strong>S\u00e9rum<\/strong><strong> \u00c1cido Hialur\u00f3nico + Silicio Org\u00e1nico. <\/strong><\/a>Brinda una hidrataci\u00f3n intensa y duradera. Disminuye y previene la apariencia de arrugas y l\u00edneas finas. Visiblemente mejora la firmeza, el grosor y la textura, resistente y flexible.\n<ul>\n<li><strong>Contiene:<\/strong> \u00c1cido Hialur\u00f3nico y el silicio org\u00e1nico permite mayor permeabilidad del \u00c1cido Hialur\u00f3nico al interior de las capas de la piel, manteni\u00e9ndola hidratada y saludable. Aumenta la cantidad de col\u00e1geno para retrasar los signos del envejecimiento como l\u00edneas finas, arrugas y flacidez.<\/li>\n<\/ul>\n<\/li>\n<li><a href=\"https:\/\/dev.infinitekparis.com\/mx\/tienda\/elementaire\/protector-solar-ultra-protection-spf-50\/\"><strong>Protector Solar Ultra-<\/strong><strong>Protection<\/strong><strong> SPF 50.<\/strong><\/a> F\u00f3rmula 100% mineral, brinda una protecci\u00f3n de amplio espectro contra los rayos UVA, UVB y Luz Azul, previniendo y mejorando los signos del envejecimiento como las manchas oscuras y el riesgo de c\u00e1ncer de piel.\n<ul>\n<li style=\"text-align: justify;\"><strong>Contiene: <\/strong>\u00d3xido del zinc, Di\u00f3xido de titanio, Physavie, \u00e1cido Hialur\u00f3nico.<\/li>\n<\/ul>\n<\/li>\n<\/ul>\n<p style=\"text-align: justify;\"><span style=\"font-weight: 400;\"><a href=\"https:\/\/dev.infinitekparis.com\/mx\/contacto-whatsapp\/\" target=\"_blank\" rel=\"noopener noreferrer\"><strong>Para mayor informaci\u00f3n, comun\u00edcate con una de nuestras asesoras al n\u00famero (+52) 55 8789 4808.<\/strong><\/a><\/span><\/p>\n","protected":false},"excerpt":{"rendered":"<p>Protege, hidrata y renueva tu piel en tus vacaciones<\/p>\n<ul>\n<li>S\u00e9rum Vitamina C + Silicio Org\u00e1nico.<\/li>\n<li>Multi Active 360 Contorno de Ojos.<\/li>\n<li>S\u00e9rum \u00c1cido Hialur\u00f3nico + Silicio Org\u00e1nico.<\/li>\n<li>Protector Solar Ultra-Protection SPF 50.<\/li>\n<\/ul>\n","protected":false},"featured_media":0,"comment_status":"open","ping_status":"closed","template":"","meta":[],"product_cat":[72,80,62],"product_tag":[],"_links":{"self":[{"href":"https:\/\/dev.infinitekparis.com\/mx\/wp-json\/wp\/v2\/product\/710792"}],"collection":[{"href":"https:\/\/dev.infinitekparis.com\/mx\/wp-json\/wp\/v2\/product"}],"about":[{"href":"https:\/\/dev.infinitekparis.com\/mx\/wp-json\/wp\/v2\/types\/product"}],"replies":[{"embeddable":true,"href":"https:\/\/dev.infinitekparis.com\/mx\/wp-json\/wp\/v2\/comments?post=710792"}],"wp:attachment":[{"href":"https:\/\/dev.infinitekparis.com\/mx\/wp-json\/wp\/v2\/media?parent=710792"}],"wp:term":[{"taxonomy":"product_cat","embeddable":true,"href":"https:\/\/dev.infinitekparis.com\/mx\/wp-json\/wp\/v2\/product_cat?post=710792"},{"taxonomy":"product_tag","embeddable":true,"href":"https:\/\/dev.infinitekparis.com\/mx\/wp-json\/wp\/v2\/product_tag?post=710792"}],"curies":[{"name":"wp","href":"https:\/\/api.w.org\/{rel}","templated":true}]}}