{"id":748034,"date":"2022-08-02T11:24:26","date_gmt":"2022-08-02T16:24:29","guid":{"rendered":"https:\/\/dev.infinitekparis.com\/?post_type=product&#038;p=748034"},"modified":"2022-12-12T14:13:12","modified_gmt":"2022-12-12T19:13:12","slug":"kit-luxury-lip-treatment","status":"publish","type":"product","link":"https:\/\/dev.infinitekparis.com\/mx\/tienda\/platine\/kit-luxury-lip-treatment\/","title":{"rendered":"Kit Luxury Lip Treatment"},"content":{"rendered":"<p style=\"text-align: justify;\"><strong>Sugar Kiss: Exfoliante de labios.<\/strong><\/p>\n<p style=\"text-align: justify;\">Exfolia mientras renueva y repone la humedad de los labios.\u00a0 Revela una sensaci\u00f3n de suavidad e hidrataci\u00f3n al instante.\u00a0 Contiene extracto de Bixa Orellana Potencializado y Aceite de Coco*, los cuales generan un efecto de regeneraci\u00f3n y nutrici\u00f3n, revelando los labios hidratados y saludables.<\/p>\n<p style=\"text-align: justify;\">*Activos con estudios de efectividad aprobados.<\/p>\n<p style=\"text-align: justify;\"><strong>Luxury Lip Balm: Voluminizador de labios con \u00c1cido Hialur\u00f3nico.<\/strong><\/p>\n<p style=\"text-align: justify;\">Hidrata, nutre y repara. Con efecto inmediato y a largo plazo de labios hidratados y con mayor volumen. Formulado con \u00c1cido Hialur\u00f3nico Potencializado, Centella Asi\u00e1tica + Silicio Org\u00e1nico, cera de abejas y mantequillas de karit\u00e9, mango, cacao y jojoba*, las cuales nutren, hidratan y reparan la piel seca; permitiendo prevenir y disminuir la apariencia de l\u00edneas finas y arrugas.<\/p>\n<p style=\"text-align: justify;\">*Activos con estudios de efectividad aprobados.<\/p>\n<p style=\"text-align: justify;\"><p style=\"text-align: justify;\"><span style=\"font-weight: 400;\"><a href=\"https:\/\/dev.infinitekparis.com\/mx\/contacto-whatsapp\/\" target=\"_blank\" rel=\"noopener noreferrer\"><strong>Para mayor informaci\u00f3n, comun\u00edcate con una de nuestras asesoras al n\u00famero (+52) 55 8789 4808.<\/strong><\/a><\/span><\/p>\n","protected":false},"excerpt":{"rendered":"<ul>\n<li>Efecto inmediato y a largo plazo de labios hidratados y con mayor volumen.<\/li>\n<li>Sensaci\u00f3n de suavidad e hidrataci\u00f3n al instante.<\/li>\n<li>Nutre, repara y renueva, para unos labios m\u00e1s j\u00f3venes.<\/li>\n<li>Con \u00c1cido Hialur\u00f3nico Potencializado, Centella Asi\u00e1tica + Silicio Org\u00e1nico, cera de abejas y mantequillas de karit\u00e9, mango, cacao y jojoba*.<\/li>\n<li>*Activos con estudios de efectividad aprobados.<\/li>\n<li>Vegano, libre de parabenos y de crueldad animal.<\/li>\n<li>Tiene un delicioso olor y sabor a Sand\u00eda.<\/li>\n<\/ul>\n","protected":false},"featured_media":0,"comment_status":"open","ping_status":"closed","template":"","meta":[],"product_cat":[80,533,62],"product_tag":[],"_links":{"self":[{"href":"https:\/\/dev.infinitekparis.com\/mx\/wp-json\/wp\/v2\/product\/748034"}],"collection":[{"href":"https:\/\/dev.infinitekparis.com\/mx\/wp-json\/wp\/v2\/product"}],"about":[{"href":"https:\/\/dev.infinitekparis.com\/mx\/wp-json\/wp\/v2\/types\/product"}],"replies":[{"embeddable":true,"href":"https:\/\/dev.infinitekparis.com\/mx\/wp-json\/wp\/v2\/comments?post=748034"}],"wp:attachment":[{"href":"https:\/\/dev.infinitekparis.com\/mx\/wp-json\/wp\/v2\/media?parent=748034"}],"wp:term":[{"taxonomy":"product_cat","embeddable":true,"href":"https:\/\/dev.infinitekparis.com\/mx\/wp-json\/wp\/v2\/product_cat?post=748034"},{"taxonomy":"product_tag","embeddable":true,"href":"https:\/\/dev.infinitekparis.com\/mx\/wp-json\/wp\/v2\/product_tag?post=748034"}],"curies":[{"name":"wp","href":"https:\/\/api.w.org\/{rel}","templated":true}]}}