{"id":814865,"date":"2022-10-03T00:08:35","date_gmt":"2022-10-03T05:09:26","guid":{"rendered":"https:\/\/dev.infinitekparis.com\/?post_type=product&#038;p=814865"},"modified":"2022-11-10T00:02:25","modified_gmt":"2022-11-10T05:02:25","slug":"kit-best-sellers","status":"publish","type":"product","link":"https:\/\/dev.infinitekparis.com\/mx\/tienda\/platine\/kit-best-sellers\/","title":{"rendered":"Kit Best Sellers"},"content":{"rendered":"<p style=\"text-align: justify;\">Nuestro D\u00fao Perfecto S\u00e9rummix es ideal para prevenir y combatir los signos de envejecimiento prematuro. Ilumina, hidrata, reafirma y unifica el tono de la piel, revelando una apariencia m\u00e1s sana y juvenil. Desarrollados con la tecnolog\u00eda Silanol, notar\u00e1s cambios en d\u00edas o semanas. Contiene ingredientes activos dermatol\u00f3gicamente probados.<\/p>\n<p style=\"text-align: justify;\">Nuestro Luxury Lip Treatment es ideal para renovar la apariencia de los labios, revel\u00e1ndolos hidratados, definidos y con mayor volumen. Contiene \u00c1cido Hialur\u00f3nico potencializado, extracto de Bixa Orellana, Centella Asi\u00e1tica + Silicio Org\u00e1nico, cera de abejas y mantequillas de karit\u00e9, mango, cacao y jojoba*.<\/p>\n<p style=\"text-align: justify;\">Juntos crean el kit perfecto para mantener tu piel hidratada, rejuvenecida y unos labios saludables, jugosos y definidos.<\/p>\n<p style=\"text-align: justify;\"><span style=\"font-weight: 400;\"><a href=\"https:\/\/dev.infinitekparis.com\/mx\/contacto-whatsapp\/\" target=\"_blank\" rel=\"noopener noreferrer\"><strong>Para mayor informaci\u00f3n, comun\u00edcate con una de nuestras asesoras al n\u00famero (+52) 55 8789 4808.<\/strong><\/a><\/span><\/p>\n","protected":false},"excerpt":{"rendered":"<p>Hidrata e ilumina tu piel mientras renuevas y le das volumen a tus labios.<\/p>\n<ul>\n<li>Ilumina e hidrata a profundidad.<\/li>\n<li>Aclara y unifica el tono de la Piel.<\/li>\n<li>Efecto inmediato y a largo plazo de labios hidratados y con mayor volumen.<\/li>\n<li>Sensaci\u00f3n de suavidad e hidrataci\u00f3n al instante.<\/li>\n<\/ul>\n<p><strong>*Ingredientes Activos Dermatol\u00f3gicamente Probados<\/strong><\/p>\n","protected":false},"featured_media":0,"comment_status":"open","ping_status":"closed","template":"","meta":[],"product_cat":[72,80,62],"product_tag":[],"_links":{"self":[{"href":"https:\/\/dev.infinitekparis.com\/mx\/wp-json\/wp\/v2\/product\/814865"}],"collection":[{"href":"https:\/\/dev.infinitekparis.com\/mx\/wp-json\/wp\/v2\/product"}],"about":[{"href":"https:\/\/dev.infinitekparis.com\/mx\/wp-json\/wp\/v2\/types\/product"}],"replies":[{"embeddable":true,"href":"https:\/\/dev.infinitekparis.com\/mx\/wp-json\/wp\/v2\/comments?post=814865"}],"wp:attachment":[{"href":"https:\/\/dev.infinitekparis.com\/mx\/wp-json\/wp\/v2\/media?parent=814865"}],"wp:term":[{"taxonomy":"product_cat","embeddable":true,"href":"https:\/\/dev.infinitekparis.com\/mx\/wp-json\/wp\/v2\/product_cat?post=814865"},{"taxonomy":"product_tag","embeddable":true,"href":"https:\/\/dev.infinitekparis.com\/mx\/wp-json\/wp\/v2\/product_tag?post=814865"}],"curies":[{"name":"wp","href":"https:\/\/api.w.org\/{rel}","templated":true}]}}