{"id":827900,"date":"2022-10-20T11:59:51","date_gmt":"2022-10-20T16:59:51","guid":{"rendered":"https:\/\/dev.infinitekparis.com\/tienda\/sin%20categor\u00eda\/infinit-ink-luxury-lip-treatment\/"},"modified":"2022-11-16T12:33:18","modified_gmt":"2022-11-16T17:33:18","slug":"infinit-ink-luxury-lip-treatment","status":"publish","type":"product","link":"https:\/\/dev.infinitekparis.com\/mx\/tienda\/platine\/infinit-ink-luxury-lip-treatment\/","title":{"rendered":"Infinit-Ink + Luxury Lip Treatment"},"content":{"rendered":"<ul>\n<li style=\"text-align: justify;\"><strong><a href=\"https:\/\/dev.infinitekparis.com\/mx\/tienda\/labios\/sugar-kiss\/\">Sugar Kiss<\/a>. <\/strong>Exfoliante de Labios con sabor a Sand\u00eda. Exfolia mientras renueva y repone la humedad de los labios. Revela una sensaci\u00f3n de suavidad e hidrataci\u00f3n al instante.\n<ul>\n<li style=\"text-align: justify;\">Contiene: extracto de bixa Orellana potencializado y aceite de coco, los cuales generan un efecto de regeneraci\u00f3n y nutrici\u00f3n, revelando los labios hidratados y saludables.<\/li>\n<\/ul>\n<\/li>\n<li style=\"text-align: justify;\"><strong><a href=\"https:\/\/dev.infinitekparis.com\/mx\/tienda\/maquillaje\/infinit-ink\/\">Infinit-Ink<\/a>.<\/strong> Tinta para labios y mejillas con \u00e1cido hialur\u00f3nico y bixa orellana. Su exclusiva f\u00f3rmula multifunci\u00f3n maquilla de manera<br \/>\nnatural, mientras hidrata y mantiene la juventud de la piel. Su aplicaci\u00f3n es gradual, de un tono natural a un tono m\u00e1s profundo. Cuantas m\u00e1s capas de aplicaci\u00f3n, m\u00e1s profunda y duradera ser\u00e1 la intensidad de color.<\/p>\n<ul>\n<li style=\"text-align: justify;\">Contiene: \u00e1cido Hialur\u00f3nico, pigmentos naturales y extracto de bixa orellana<em><strong>,<\/strong><\/em> los cuales ayudan a mantener la belleza natural de la piel; revel\u00e1ndola firme, hidratada y tersa.<\/li>\n<\/ul>\n<\/li>\n<li style=\"text-align: justify;\"><a href=\"https:\/\/dev.infinitekparis.com\/mx\/tienda\/labios\/luxury-lip-balm\/\"><strong>Luxury Lip Balm<\/strong> .<\/a> Voluminizador de labios con \u00e1cido hialur\u00f3nico. Hidrata, nutre y repara. Genera un efecto inmediato y a largo plazo de labios hidratados y con mayor volumen.\n<ul>\n<li style=\"text-align: justify;\">Contiene: \u00e1cido Hialur\u00f3nico potencializado, centella asi\u00e1tica + silicio org\u00e1nico, cera de abejas y mantequillas de karit\u00e9, mango, cacao y jojoba*, las cuales nutren, hidratan y reparan la piel seca; permitiendo prevenir y disminuir la apariencia de l\u00edneas finas y arrugas.<\/li>\n<\/ul>\n<\/li>\n<\/ul>\n<p style=\"text-align: justify;\"><span style=\"font-weight: 400;\"><a href=\"https:\/\/dev.infinitekparis.com\/mx\/contacto-whatsapp\/\" target=\"_blank\" rel=\"noopener noreferrer\"><strong>Para mayor informaci\u00f3n, comun\u00edcate con una de nuestras asesoras al n\u00famero (+52) 55 8789 4808.<\/strong><\/a><\/span><\/p>\n","protected":false},"excerpt":{"rendered":"<p>El kit ideal para unos labios rojos, gruesos y provocativos.<\/p>\n<ul>\n<li><strong>Infinit-Ink.<\/strong><\/li>\n<li><strong>Sugar Kiss.<\/strong><\/li>\n<li><strong>Luxury Lip Balm.<\/strong><\/li>\n<\/ul>\n<p><strong>*Ingredientes activos dermatol\u00f3gicamente probados<\/strong><\/p>\n","protected":false},"featured_media":0,"comment_status":"open","ping_status":"closed","template":"","meta":[],"product_cat":[80,62],"product_tag":[],"_links":{"self":[{"href":"https:\/\/dev.infinitekparis.com\/mx\/wp-json\/wp\/v2\/product\/827900"}],"collection":[{"href":"https:\/\/dev.infinitekparis.com\/mx\/wp-json\/wp\/v2\/product"}],"about":[{"href":"https:\/\/dev.infinitekparis.com\/mx\/wp-json\/wp\/v2\/types\/product"}],"replies":[{"embeddable":true,"href":"https:\/\/dev.infinitekparis.com\/mx\/wp-json\/wp\/v2\/comments?post=827900"}],"wp:attachment":[{"href":"https:\/\/dev.infinitekparis.com\/mx\/wp-json\/wp\/v2\/media?parent=827900"}],"wp:term":[{"taxonomy":"product_cat","embeddable":true,"href":"https:\/\/dev.infinitekparis.com\/mx\/wp-json\/wp\/v2\/product_cat?post=827900"},{"taxonomy":"product_tag","embeddable":true,"href":"https:\/\/dev.infinitekparis.com\/mx\/wp-json\/wp\/v2\/product_tag?post=827900"}],"curies":[{"name":"wp","href":"https:\/\/api.w.org\/{rel}","templated":true}]}}