{"id":830562,"date":"2022-10-24T14:38:49","date_gmt":"2022-10-24T19:41:51","guid":{"rendered":"https:\/\/dev.infinitekparis.com\/?post_type=product&#038;p=830562"},"modified":"2022-12-12T14:25:07","modified_gmt":"2022-12-12T19:25:07","slug":"luxury-lip-balm-infinit-ink","status":"publish","type":"product","link":"https:\/\/dev.infinitekparis.com\/mx\/tienda\/platine\/luxury-lip-balm-infinit-ink\/","title":{"rendered":"Luxury Lip Balm + Infinit-Ink"},"content":{"rendered":"<p style=\"text-align: justify;\">La combinaci\u00f3n perfecta para darle color a tus mejillas y lucir unos labios m\u00e1s suaves, hidratados, con un toque de color y mayor volumen.<\/p>\n<ul>\n<li style=\"text-align: justify;\"><a href=\"https:\/\/dev.infinitekparis.com\/mx\/tienda\/labios\/luxury-lip-balm\/\"><b>Luxury Lip Balm<\/b><\/a>: Voluminizador de labios con \u00c1cido Hialur\u00f3nico. Hidrata, Nutre y Repara. Genera un efecto inmediato y a largo plazo de labios hidratados y con mayor volumen.\n<ul>\n<li style=\"text-align: justify;\"><strong>Contiene<\/strong>: \u00c1cido Hialur\u00f3nico potencializado, Centella Asi\u00e1tica + Silicio Org\u00e1nico, cera de abejas y mantequillas de karit\u00e9, mango, cacao y jojoba.<\/li>\n<\/ul>\n<\/li>\n<li style=\"text-align: justify;\"><a href=\"https:\/\/dev.infinitekparis.com\/mx\/tienda\/maquillaje\/infinit-ink\/\"><b>Infinit-Ink<\/b><\/a>: Tinta para labios y mejillas. Su exclusiva f\u00f3rmula multifunci\u00f3n maquilla de manera natural, mientras hidrata y mantiene la juventud. Su aplicaci\u00f3n es gradual, de un tono natural a un tono m\u00e1s profundo. Cuantas m\u00e1s capas de aplicaci\u00f3n, m\u00e1s profunda y duradera ser\u00e1 la intensidad de color.\n<ul>\n<li style=\"text-align: justify;\"><strong>Contiene:<\/strong> \u00c1cido Hialur\u00f3nico, extracto de Bixa Orellana y pigmentos naturales.<\/li>\n<\/ul>\n<\/li>\n<\/ul>\n<p style=\"text-align: justify;\"><span style=\"font-weight: 400;\"><a href=\"https:\/\/dev.infinitekparis.com\/mx\/contacto-whatsapp\/\" target=\"_blank\" rel=\"noopener noreferrer\"><strong>Para mayor informaci\u00f3n, comun\u00edcate con una de nuestras asesoras al n\u00famero (+52) 55 8789 4808.<\/strong><\/a><\/span><\/p>\n","protected":false},"excerpt":{"rendered":"<p><strong>\u00bfDeseas hidrataci\u00f3n, volumen y color en tus labios y mejillas? <\/strong><\/p>\n<p><strong>L\u00f3gralo en dos pasos.<\/strong><\/p>\n<ul>\n<li><b>Luxury Lip Balm<\/b>: Voluminizador.<\/li>\n<li><b>Infinit-Ink<\/b>: Tinta para labios y mejillas.<\/li>\n<\/ul>\n","protected":false},"featured_media":0,"comment_status":"open","ping_status":"closed","template":"","meta":[],"product_cat":[80,62],"product_tag":[],"_links":{"self":[{"href":"https:\/\/dev.infinitekparis.com\/mx\/wp-json\/wp\/v2\/product\/830562"}],"collection":[{"href":"https:\/\/dev.infinitekparis.com\/mx\/wp-json\/wp\/v2\/product"}],"about":[{"href":"https:\/\/dev.infinitekparis.com\/mx\/wp-json\/wp\/v2\/types\/product"}],"replies":[{"embeddable":true,"href":"https:\/\/dev.infinitekparis.com\/mx\/wp-json\/wp\/v2\/comments?post=830562"}],"wp:attachment":[{"href":"https:\/\/dev.infinitekparis.com\/mx\/wp-json\/wp\/v2\/media?parent=830562"}],"wp:term":[{"taxonomy":"product_cat","embeddable":true,"href":"https:\/\/dev.infinitekparis.com\/mx\/wp-json\/wp\/v2\/product_cat?post=830562"},{"taxonomy":"product_tag","embeddable":true,"href":"https:\/\/dev.infinitekparis.com\/mx\/wp-json\/wp\/v2\/product_tag?post=830562"}],"curies":[{"name":"wp","href":"https:\/\/api.w.org\/{rel}","templated":true}]}}