{"id":280,"date":"2020-03-09T16:06:24","date_gmt":"2020-03-09T21:06:24","guid":{"rendered":"https:\/\/dev.infinitekparis.com\/historia\/"},"modified":"2021-08-04T12:08:10","modified_gmt":"2021-08-04T17:08:10","slug":"historia","status":"publish","type":"page","link":"https:\/\/dev.infinitekparis.com\/us-es\/historia\/","title":{"rendered":"Historia"},"content":{"rendered":"\t<section class=\"section hide-for-small\" id=\"section_1793211618\">\n\t\t<div class=\"bg section-bg fill bg-fill  bg-loaded\" >\n\n\t\t\t\t<div class=\"video-overlay no-click fill hide-for-medium\"><\/div>\n\t<video class=\"video-bg fill hide-for-medium\" preload playsinline autoplay\n\t\tmuted\t\tloop>\n\t\t<source src=\"https:\/\/dev.infinitekparis.com\/wp-content\/uploads\/2020\/06\/video_blog_blanco.1.mp4\" type=\"video\/mp4\">\t<\/video>\n\n\t\t\t\n\t\t\t\n\n\t\t<\/div>\n\n\t\t\n\n\t\t<div class=\"section-content relative\">\n\t\t\t\n\t\t<\/div>\n\n\t\t\n<style>\n#section_1793211618 {\n  padding-top: 30px;\n  padding-bottom: 30px;\n  min-height: 500px;\n}\n#section_1793211618 .ux-shape-divider--top svg {\n  height: 150px;\n  --divider-top-width: 100%;\n}\n#section_1793211618 .ux-shape-divider--bottom svg {\n  height: 150px;\n  --divider-width: 100%;\n}\n<\/style>\n\t<\/section>\n\t\n\t<section class=\"section show-for-small\" id=\"section_674267103\">\n\t\t<div class=\"bg section-bg fill bg-fill  \" >\n\n\t\t\t\n\t\t\t\n\t\t\t\n\n\t\t<\/div>\n\n\t\t\n\n\t\t<div class=\"section-content relative\">\n\t\t\t\n\t\t<\/div>\n\n\t\t\n<style>\n#section_674267103 {\n  padding-top: 30px;\n  padding-bottom: 30px;\n  min-height: 250px;\n}\n#section_674267103 .section-bg.bg-loaded {\n  background-image: 30342;\n}\n#section_674267103 .ux-shape-divider--top svg {\n  height: 150px;\n  --divider-top-width: 100%;\n}\n#section_674267103 .ux-shape-divider--bottom svg {\n  height: 150px;\n  --divider-width: 100%;\n}\n<\/style>\n\t<\/section>\n\t\n\t<div id=\"gap-1821773961\" class=\"gap-element clearfix\" style=\"display:block; height:auto;\">\n\t\t\n<style>\n#gap-1821773961 {\n  padding-top: 50px;\n}\n<\/style>\n\t<\/div>\n\t\n<div class=\"row row-collapse align-middle align-center\"  id=\"row-278096834\">\n\n\t<div id=\"col-348953178\" class=\"col medium-4 small-12 large-4\"  >\n\t\t\t\t<div class=\"col-inner\" style=\"background-color:rgb(244, 244, 244);\" >\n\t\t\t\n\t\t\t\n<p>Infinitek Paris est\u00e1 inspirado en los rincones m\u00e1s fascinantes y ex\u00f3ticos de Par\u00eds, en su cultura, sus tendencias y su innovadora tecnolog\u00eda. Implementando ingredientes europeos seleccionados cuidadosamente, con una m\u00ednima manipulaci\u00f3n, para asegurar una m\u00e1xima efectividad.<\/p>\n\t\t<\/div>\n\t\t\t\t\n<style>\n#col-348953178 > .col-inner {\n  padding: 30px 30px 30px 30px;\n}\n<\/style>\n\t<\/div>\n\n\t\n\n\t<div id=\"col-1402502920\" class=\"col medium-8 small-12 large-8\"  >\n\t\t\t\t<div class=\"col-inner\"  >\n\t\t\t\n\t\t\t\n\t<div class=\"img has-hover x md-x lg-x y md-y lg-y\" id=\"image_875238853\">\n\t\t\t\t<div data-parallax-fade=\"true\" data-parallax=\"2\">\t\t\t\t<div class=\"img-inner dark\" >\n\t\t\t\t\t\t\t\t\t\n\t\t\t\t\t<\/div>\n\t\t\t\t<\/div>\t\t\t\t\n<style>\n#image_875238853 {\n  width: 100%;\n}\n<\/style>\n\t<\/div>\n\t\n\t\t<\/div>\n\t\t\t\t\t<\/div>\n\n\t\n<\/div>\n\t<div id=\"gap-1705121079\" class=\"gap-element clearfix\" style=\"display:block; height:auto;\">\n\t\t\n<style>\n#gap-1705121079 {\n  padding-top: 50px;\n}\n<\/style>\n\t<\/div>\n\t\n<div class=\"row row-collapse align-middle align-center\"  id=\"row-673708610\">\n\n\t<div id=\"col-2023063699\" class=\"col medium-8 small-12 large-8\"  >\n\t\t\t\t<div class=\"col-inner\"  >\n\t\t\t\n\t\t\t\n<p>Nos dedicamos a la investigaci\u00f3n y desarrollo de productos de alto rendimiento para el cuidado de la piel. Nuestras f\u00f3rmulas son desarrolladas con ingredientes naturales y activos avanzados.<\/p>\n\t\t<\/div>\n\t\t\t\t\n<style>\n#col-2023063699 > .col-inner {\n  padding: 30px 60px 30px 60px;\n}\n<\/style>\n\t<\/div>\n\n\t\n\n\t<div id=\"col-372098831\" class=\"col medium-4 small-12 large-4\"  >\n\t\t\t\t<div class=\"col-inner\"  >\n\t\t\t\n\t\t\t\n\t<div class=\"box has-hover   has-hover box-text-bottom\" >\n\n\t\t<div class=\"box-image\" style=\"border-radius:50%;\">\n\t\t\t\t\t\t<div class=\"image-zoom\" >\n\t\t\t\t\t\t\t\t\t\t\t\t\t\t\t<\/div>\n\t\t\t\t\t<\/div>\n\n\t\t<div class=\"box-text text-center\" >\n\t\t\t<div class=\"box-text-inner\">\n\t\t\t\t\n\t\t\t<\/div>\n\t\t<\/div>\n\t<\/div>\n\t\n\t\t<\/div>\n\t\t\t\t\t<\/div>\n\n\t\n<\/div>\n\t<div id=\"gap-410246768\" class=\"gap-element clearfix\" style=\"display:block; height:auto;\">\n\t\t\n<style>\n#gap-410246768 {\n  padding-top: 50px;\n}\n<\/style>\n\t<\/div>\n\t\n\t<section class=\"section hide-for-small\" id=\"section_1950535159\">\n\t\t<div class=\"bg section-bg fill bg-fill  bg-loaded\" >\n\n\t\t\t\t<div class=\"video-overlay no-click fill hide-for-medium\"><\/div>\n\t<video class=\"video-bg fill hide-for-medium\" preload playsinline autoplay\n\t\tmuted\t\tloop>\n\t\t<source src=\"https:\/\/dev.infinitekparis.com\/wp-content\/uploads\/2020\/05\/video_blog.1_1-1.mp4\" type=\"video\/mp4\">\t<\/video>\n\n\t\t\t\n\t\t\t\n\n\t\t<\/div>\n\n\t\t\n\n\t\t<div class=\"section-content relative\">\n\t\t\t\n\t\t<\/div>\n\n\t\t\n<style>\n#section_1950535159 {\n  padding-top: 30px;\n  padding-bottom: 30px;\n  min-height: 500px;\n}\n#section_1950535159 .ux-shape-divider--top svg {\n  height: 150px;\n  --divider-top-width: 100%;\n}\n#section_1950535159 .ux-shape-divider--bottom svg {\n  height: 150px;\n  --divider-width: 100%;\n}\n<\/style>\n\t<\/section>\n\t\n\t<section class=\"section show-for-small\" id=\"section_1751654467\">\n\t\t<div class=\"bg section-bg fill bg-fill  \" >\n\n\t\t\t\n\t\t\t\n\t\t\t\n\n\t\t<\/div>\n\n\t\t\n\n\t\t<div class=\"section-content relative\">\n\t\t\t\n\t\t<\/div>\n\n\t\t\n<style>\n#section_1751654467 {\n  padding-top: 30px;\n  padding-bottom: 30px;\n  min-height: 250px;\n}\n#section_1751654467 .section-bg.bg-loaded {\n  background-image: 30347;\n}\n#section_1751654467 .section-bg {\n  background-position: 48% 51%;\n}\n#section_1751654467 .ux-shape-divider--top svg {\n  height: 150px;\n  --divider-top-width: 100%;\n}\n#section_1751654467 .ux-shape-divider--bottom svg {\n  height: 150px;\n  --divider-width: 100%;\n}\n<\/style>\n\t<\/section>\n\t\n\t<div id=\"gap-2062781501\" class=\"gap-element clearfix\" style=\"display:block; height:auto;\">\n\t\t\n<style>\n#gap-2062781501 {\n  padding-top: 50px;\n}\n<\/style>\n\t<\/div>\n\t\n<div class=\"row row-collapse align-middle align-center\"  id=\"row-928244936\">\n\n\t<div id=\"col-1325143041\" class=\"col medium-8 small-12 large-8\"  >\n\t\t\t\t<div class=\"col-inner\"  >\n\t\t\t\n\t\t\t\n<p>Nuestro principal compromiso como marca de productos para el cuidado de la piel es ofrecer los mejores resultados, revelando pieles radiantes, tersas y juveniles, que permitan a nuestros consumidores alcanzar un equilibrio f\u00edsico y emocional.<\/p>\n\t\t<\/div>\n\t\t\t\t\n<style>\n#col-1325143041 > .col-inner {\n  padding: 30px 60px 30px 60px;\n}\n<\/style>\n\t<\/div>\n\n\t\n\n\t<div id=\"col-1937807570\" class=\"col medium-4 small-12 large-4\"  >\n\t\t\t\t<div class=\"col-inner\"  >\n\t\t\t\n\t\t\t\n\t<div class=\"box has-hover   has-hover box-text-bottom\" >\n\n\t\t<div class=\"box-image\" style=\"border-radius:50%;\">\n\t\t\t\t\t\t<div class=\"image-zoom\" >\n\t\t\t\t\t\t\t\t\t\t\t\t\t\t\t<\/div>\n\t\t\t\t\t<\/div>\n\n\t\t<div class=\"box-text text-center\" >\n\t\t\t<div class=\"box-text-inner\">\n\t\t\t\t\n\t\t\t<\/div>\n\t\t<\/div>\n\t<\/div>\n\t\n\t\t<\/div>\n\t\t\t\t\t<\/div>\n\n\t\n<\/div>\n\t<div id=\"gap-11360877\" class=\"gap-element clearfix\" style=\"display:block; height:auto;\">\n\t\t\n<style>\n#gap-11360877 {\n  padding-top: 50px;\n}\n<\/style>\n\t<\/div>\n\t\n<div class=\"row row-collapse align-middle align-center\"  id=\"row-650640315\">\n\n\t<div id=\"col-279970692\" class=\"col medium-4 small-12 large-4\"  >\n\t\t\t\t<div class=\"col-inner\"  >\n\t\t\t\n\t\t\t\n\t<div class=\"box has-hover   has-hover box-text-bottom\" >\n\n\t\t<div class=\"box-image\" style=\"border-radius:50%;\">\n\t\t\t\t\t\t<div class=\"image-zoom\" >\n\t\t\t\t\t\t\t\t\t\t\t\t\t\t\t<\/div>\n\t\t\t\t\t<\/div>\n\n\t\t<div class=\"box-text text-center\" >\n\t\t\t<div class=\"box-text-inner\">\n\t\t\t\t\n\t\t\t<\/div>\n\t\t<\/div>\n\t<\/div>\n\t\n\t\t<\/div>\n\t\t\t\t\t<\/div>\n\n\t\n\n\t<div id=\"col-160369204\" class=\"col medium-8 small-12 large-8\"  >\n\t\t\t\t<div class=\"col-inner\"  >\n\t\t\t\n\t\t\t\n<p>Infinitek Paris mantiene una estrecha relaci\u00f3n con laboratorios especializados y l\u00edderes en innovaci\u00f3n a nivel mundial, que incorporan tecnolog\u00eda de punta para el desarrollo de activos dermo-cosm\u00e9ticos.<\/p>\n\t\t<\/div>\n\t\t\t\t\n<style>\n#col-160369204 > .col-inner {\n  padding: 30px 60px 30px 60px;\n}\n<\/style>\n\t<\/div>\n\n\t\n<\/div>\n\t<div id=\"gap-1050747339\" class=\"gap-element clearfix\" style=\"display:block; height:auto;\">\n\t\t\n<style>\n#gap-1050747339 {\n  padding-top: 50px;\n}\n<\/style>\n\t<\/div>\n\t\n\t<section class=\"section\" id=\"section_661230599\">\n\t\t<div class=\"bg section-bg fill bg-fill  \" >\n\n\t\t\t\n\t\t\t\n\t\t\t\n\n\t\t<\/div>\n\n\t\t\n\n\t\t<div class=\"section-content relative\">\n\t\t\t\n<div class=\"row row-small align-middle align-center\"  id=\"row-842863145\">\n\n\t<div id=\"col-614745227\" class=\"col medium-5 small-12 large-5\"  >\n\t\t\t\t<div class=\"col-inner text-center text-shadow-5 dark\"  >\n\t\t\t\n\t\t\t\n<p>Nuestros productos son elaborados en diferentes pa\u00edses como Colombia, M\u00f3naco, Espa\u00f1a y Estados Unidos. Contamos con un equipo de profesionales altamente calificados y de destacada trayectoria, respaldados por un selecto grupo de qu\u00edmicos franceses. Infinitek Paris cuenta con un estricto control de calidad, al igual que la infraestructura necesaria que permite un procesamiento y manejo adecuado de cada uno de nuestros productos.<\/p>\n\t\t<\/div>\n\t\t\t\t\t<\/div>\n\n\t\n\n\t<div id=\"col-1744684251\" class=\"col medium-7 small-12 large-7\"  >\n\t\t\t\t<div class=\"col-inner\"  >\n\t\t\t\n\t\t\t\n\t<div class=\"img has-hover x md-x lg-x y md-y lg-y\" id=\"image_1452187362\">\n\t\t\t\t\t\t\t\t<div class=\"img-inner image-zoom dark\" >\n\t\t\t\t\t\t\t\t\t\n\t\t\t\t\t<\/div>\n\t\t\t\t\t\t\t\t\n<style>\n#image_1452187362 {\n  width: 100%;\n}\n<\/style>\n\t<\/div>\n\t\n\t\t<\/div>\n\t\t\t\t\t<\/div>\n\n\t\n<\/div>\n\t\t<\/div>\n\n\t\t\n<style>\n#section_661230599 {\n  padding-top: 30px;\n  padding-bottom: 30px;\n}\n#section_661230599 .section-bg.bg-loaded {\n  background-image: 2363;\n}\n#section_661230599 .section-bg {\n  background-position: 50% 50%;\n}\n#section_661230599 .ux-shape-divider--top svg {\n  height: 150px;\n  --divider-top-width: 100%;\n}\n#section_661230599 .ux-shape-divider--bottom svg {\n  height: 150px;\n  --divider-width: 100%;\n}\n<\/style>\n\t<\/section>\n\t\n<div id=\"gtx-trans\" style=\"position: absolute; left: 82px; top: 9.39063px;\">\n<div class=\"gtx-trans-icon\"><\/div>\n<\/div>\n","protected":false},"excerpt":{"rendered":"","protected":false},"author":1,"featured_media":0,"parent":0,"menu_order":0,"comment_status":"closed","ping_status":"closed","template":"","meta":[],"_links":{"self":[{"href":"https:\/\/dev.infinitekparis.com\/us-es\/wp-json\/wp\/v2\/pages\/280"}],"collection":[{"href":"https:\/\/dev.infinitekparis.com\/us-es\/wp-json\/wp\/v2\/pages"}],"about":[{"href":"https:\/\/dev.infinitekparis.com\/us-es\/wp-json\/wp\/v2\/types\/page"}],"author":[{"embeddable":true,"href":"https:\/\/dev.infinitekparis.com\/us-es\/wp-json\/wp\/v2\/users\/1"}],"replies":[{"embeddable":true,"href":"https:\/\/dev.infinitekparis.com\/us-es\/wp-json\/wp\/v2\/comments?post=280"}],"version-history":[{"count":0,"href":"https:\/\/dev.infinitekparis.com\/us-es\/wp-json\/wp\/v2\/pages\/280\/revisions"}],"wp:attachment":[{"href":"https:\/\/dev.infinitekparis.com\/us-es\/wp-json\/wp\/v2\/media?parent=280"}],"curies":[{"name":"wp","href":"https:\/\/api.w.org\/{rel}","templated":true}]}}