{"id":332,"date":"2020-03-10T10:44:03","date_gmt":"2020-03-10T15:44:03","guid":{"rendered":"https:\/\/dev.infinitekparis.com\/tienda\/sin%20categor\u00eda\/duo-perfecto-serummix\/"},"modified":"2022-12-12T14:23:28","modified_gmt":"2022-12-12T19:23:28","slug":"duo-perfecto-serummix","status":"publish","type":"product","link":"https:\/\/dev.infinitekparis.com\/us-es\/tienda\/platine\/duo-perfecto-serummix\/","title":{"rendered":"D\u00fao Perfecto S\u00c9RUMMIX"},"content":{"rendered":"<p style=\"text-align: justify;\"><strong>\u00a1Nuestros Best-Sellers!<\/strong> El D\u00fao Perfecto para prevenir y combatir los signos de envejecimiento prematuro. Es ideal para iluminar, hidratar, reafirmar y unificar el tono de la piel revelando una apariencia m\u00e1s sana y juvenil. Desarrollados con la tecnolog\u00eda Silanol, notar\u00e1s cambios en d\u00edas o semanas. Contiene ingredientes activos dermatol\u00f3gicamente probados.<\/p>\n<p style=\"text-align: justify;\"><strong>\u00bfPara qu\u00e9 sirven?<\/strong><\/p>\n<p style=\"text-align: justify;\"><strong>S\u00e9rum \u00c1cido Hialur\u00f3nico + Silicio Org\u00e1nico<\/strong>, brinda una hidrataci\u00f3n intensa y duradera. Visiblemente mejora el grosor y la textura de la piel para una apariencia m\u00e1s densa, resistente y flexible y al mismo tiempo firme, lisa y suave. Ya que sabemos lo importante que es cuidar nuestra piel de los radicales libres, la contaminaci\u00f3n y el da\u00f1o solar, nuestro D\u00daO PERFECTO contiene el <strong>S\u00e9rum Vitamina C + Silicio Org\u00e1nico<\/strong>, un potente antioxidante que ayudar\u00e1 a que estas caracter\u00edsticas nunca falten en tu piel.<\/p>\n<p style=\"text-align: justify;\">Te debes estar preguntando por qu\u00e9 es el D\u00daO PERFECTO y estamos aqu\u00ed para contestar tus preguntas.<\/p>\n<p style=\"text-align: justify;\">Nuestras exclusivas f\u00f3rmulas con tecnolog\u00eda Silanol, mejoran los efectos del \u00e1cido hialur\u00f3nico y la vitamina C en la piel, permitiendo resultados reales en corto tiempo. Adem\u00e1s, son de alta concentraci\u00f3n y de textura ligera que permite la penetraci\u00f3n hasta las capas m\u00e1s profundas de la piel. Lo mejor de todo, son para todo tipo de piel, no contienen parabenos, fragancias, ni colorantes, aspectos que los hacen ideales para ti.<\/p>\n<p style=\"text-align: justify;\"><p style=\"text-align: justify;\"><span style=\"font-weight: 400;\"><a href=\"https:\/\/dev.infinitekparis.com\/us-es\/contacto-whatsapp\/\" target=\"_blank\" rel=\"noopener noreferrer\"><strong>Para mayor informaci\u00f3n, comun\u00edcate con una de nuestras asesoras al n\u00famero +1 (786) 233 6429.<\/strong><\/a><\/span><\/p>\n","protected":false},"excerpt":{"rendered":"<p>S\u00e9rum Vitamina C + S\u00e9rum \u00c1cido Hialur\u00f3nico.<\/p>\n<p><strong>\u00bfPor qu\u00e9 son especiales?<\/strong><\/p>\n<ul>\n<li>Iluminan e Hidratan a Profundidad.<\/li>\n<li>Aclaran y Unifican el Tono de la Piel.<\/li>\n<li>Reafirman y Fortalecen.<\/li>\n<li>Mejoran la Textura y el Grosor de la Piel.<\/li>\n<li>Combaten los Signos del Envejecimiento como la Deshidrataci\u00f3n, Arrugas y Manchas.<\/li>\n<li>Ayudan a Promover la Renovaci\u00f3n Celular para una Apariencia m\u00e1s Sana y Joven.<\/li>\n<li>Son de textura Ligera y no Grasa. Ideales para todo tipo de piel.<\/li>\n<\/ul>\n<p><strong>Ingredientes Activos Dermatol\u00f3gicamente Probados.<\/strong><\/p>\n","protected":false},"featured_media":0,"comment_status":"open","ping_status":"closed","template":"","meta":[],"product_cat":[73,81,60],"product_tag":[],"_links":{"self":[{"href":"https:\/\/dev.infinitekparis.com\/us-es\/wp-json\/wp\/v2\/product\/332"}],"collection":[{"href":"https:\/\/dev.infinitekparis.com\/us-es\/wp-json\/wp\/v2\/product"}],"about":[{"href":"https:\/\/dev.infinitekparis.com\/us-es\/wp-json\/wp\/v2\/types\/product"}],"replies":[{"embeddable":true,"href":"https:\/\/dev.infinitekparis.com\/us-es\/wp-json\/wp\/v2\/comments?post=332"}],"wp:attachment":[{"href":"https:\/\/dev.infinitekparis.com\/us-es\/wp-json\/wp\/v2\/media?parent=332"}],"wp:term":[{"taxonomy":"product_cat","embeddable":true,"href":"https:\/\/dev.infinitekparis.com\/us-es\/wp-json\/wp\/v2\/product_cat?post=332"},{"taxonomy":"product_tag","embeddable":true,"href":"https:\/\/dev.infinitekparis.com\/us-es\/wp-json\/wp\/v2\/product_tag?post=332"}],"curies":[{"name":"wp","href":"https:\/\/api.w.org\/{rel}","templated":true}]}}