{"id":339,"date":"2020-03-10T11:26:05","date_gmt":"2020-03-10T16:26:05","guid":{"rendered":"https:\/\/dev.infinitekparis.com\/tienda\/sin%20categor\u00eda\/reafirmante-anti-estrias-complex\/"},"modified":"2022-07-15T21:31:15","modified_gmt":"2022-07-16T02:31:15","slug":"reafirmante-anti-estrias-complex","status":"publish","type":"product","link":"https:\/\/dev.infinitekparis.com\/us-es\/tienda\/rutina\/rutina-cuidado-corporal\/reafirmante-anti-estrias-complex\/","title":{"rendered":"Reafirmante Anti Estr\u00edas Complex"},"content":{"rendered":"<p style=\"text-align: justify;\">\u00bfTienes piel fl\u00e1cida, con estr\u00edas y cicatrices? Nuestra Crema <strong>Reafirmante Anti Estr\u00edas Complex<\/strong> previene y reduce la apariencia de estr\u00edas y flacidez, mientras tonifica, reafirma, levanta y suaviza la piel, estimulando la producci\u00f3n de col\u00e1geno y fibras el\u00e1sticas.<span class=\"more_less more\"> &#8230;Ver m\u00e1s<\/span><\/p>\n<div id=\"more_text\">\n<p style=\"text-align: justify;\"><b>Para qu\u00e9 sirve<\/b><span style=\"font-weight: 400;\">: Formulado para mejorar la apariencia de flacidez, estri\u0301as, cicatrices, piel envejecida y deshidratada. Visiblemente reafirma, tonifica, levanta y suaviza la piel. <\/span><\/p>\n<p style=\"text-align: justify;\"><span style=\"font-weight: 400;\">*Seg\u00fan estudios de efectividad: proporciona una mejora global de la calidad de la piel.<\/span><\/p>\n<p style=\"text-align: justify;\"><span style=\"font-weight: 400;\">*PARA TODO TIPO DE PIEL \u2013 Sin adici\u00f3n de Parabenos \u2013 Sin fragancia \u2013 Sin Colorante &#8211; Libre de crueldad animal.<\/span><\/p>\n<p style=\"text-align: justify;\"><p style=\"text-align: justify;\"><span style=\"font-weight: 400;\"><a href=\"https:\/\/dev.infinitekparis.com\/us-es\/contacto-whatsapp\/\" target=\"_blank\" rel=\"noopener noreferrer\"><strong>Para mayor informaci\u00f3n, comun\u00edcate con una de nuestras asesoras al n\u00famero +1 (786) 233 6429.<\/strong><\/a><\/span><\/p>\n<p><span class=\"more_less less\">Ver menos<\/span><\/p>\n<\/div>\n","protected":false},"excerpt":{"rendered":"<ul>\n<li style=\"font-weight: 400;\"><span style=\"font-weight: 400;\">Con Activo Hydroxyprolisilane CN, Vitamina C y \u00c1cido Hialur\u00f3nico.<\/span><\/li>\n<li style=\"font-weight: 400;\"><span style=\"font-weight: 400;\">Previene y reduce la formaci\u00f3n de estr\u00edas.<\/span><\/li>\n<li style=\"font-weight: 400;\"><span style=\"font-weight: 400;\">Mejora la calidad de la piel.<\/span><\/li>\n<li style=\"font-weight: 400;\"><span style=\"font-weight: 400;\">Estimula la producci\u00f3n de col\u00e1geno y fibras el\u00e1sticas.<\/span><\/li>\n<\/ul>\n<p><strong>Ingredientes Activos Dermatol\u00f3gicamente Probados.<\/strong><\/p>\n","protected":false},"featured_media":510381,"comment_status":"open","ping_status":"closed","template":"","meta":[],"product_cat":[77,126,60],"product_tag":[],"_links":{"self":[{"href":"https:\/\/dev.infinitekparis.com\/us-es\/wp-json\/wp\/v2\/product\/339"}],"collection":[{"href":"https:\/\/dev.infinitekparis.com\/us-es\/wp-json\/wp\/v2\/product"}],"about":[{"href":"https:\/\/dev.infinitekparis.com\/us-es\/wp-json\/wp\/v2\/types\/product"}],"replies":[{"embeddable":true,"href":"https:\/\/dev.infinitekparis.com\/us-es\/wp-json\/wp\/v2\/comments?post=339"}],"wp:featuredmedia":[{"embeddable":true,"href":"https:\/\/dev.infinitekparis.com\/us-es\/wp-json\/wp\/v2\/media\/510381"}],"wp:attachment":[{"href":"https:\/\/dev.infinitekparis.com\/us-es\/wp-json\/wp\/v2\/media?parent=339"}],"wp:term":[{"taxonomy":"product_cat","embeddable":true,"href":"https:\/\/dev.infinitekparis.com\/us-es\/wp-json\/wp\/v2\/product_cat?post=339"},{"taxonomy":"product_tag","embeddable":true,"href":"https:\/\/dev.infinitekparis.com\/us-es\/wp-json\/wp\/v2\/product_tag?post=339"}],"curies":[{"name":"wp","href":"https:\/\/api.w.org\/{rel}","templated":true}]}}