{"id":345,"date":"2020-03-10T11:55:35","date_gmt":"2020-03-10T16:55:35","guid":{"rendered":"https:\/\/dev.infinitekparis.com\/tienda\/sin%20categor\u00eda\/aceite-rosa-mosqueta\/"},"modified":"2022-10-18T08:55:28","modified_gmt":"2022-10-18T13:55:28","slug":"aceite-rosa-mosqueta","status":"publish","type":"product","link":"https:\/\/dev.infinitekparis.com\/us-es\/tienda\/rutina\/antiedad-correccion\/aceite-rosa-mosqueta\/","title":{"rendered":"Aceite Rosa Mosqueta"},"content":{"rendered":"<p style=\"text-align: justify;\">\u00bfDeseas mejorar la apariencia de cicatrices, estr\u00edas o arrugas en la piel? Nuestro <strong>Aceite Rosa Mosqueta<\/strong> con f\u00f3rmula 100% natural regenera, nutre y repara la piel seca y sensible revel\u00e1ndola radiante, firme, suave y juvenil.<span class=\"more_less more\"> &#8230;Ver m\u00e1s<\/span><\/p>\n<div id=\"more_text\">\n<p style=\"text-align: justify;\"><strong>\u00bfPara qu\u00e9 sirve?<\/strong><\/p>\n<p style=\"text-align: justify;\">Aceite Rosa Mosqueta.<\/p>\n<p style=\"text-align: justify;\">Su f\u00f3rmula con Vitamina E, Aceite de Durazno, Burit\u00ed y Ca\u00f1a de Az\u00facar, est\u00e1 dise\u00f1ada para crear una rica fuente de antioxidantes y \u00e1cidos grasos esenciales para hidratar, humectar y nutrir la piel.<\/p>\n<p style=\"text-align: justify;\">Ayuda a la formaci\u00f3n de col\u00e1geno y fibras el\u00e1sticas; mientras regenera y repara la piel seca y sensible. Fortalece la barrera protectora de la piel, mientras combate y suaviza los signos del envejecimiento prematuro. Su f\u00f3rmula es ideal para el tratamiento de cicatrices, l\u00edneas de expresi\u00f3n, arrugas, estr\u00edas y deshidrataci\u00f3n de la piel.<\/p>\n<ul style=\"text-align: justify;\">\n<li>PARA TODO TIPO DE PIEL \u2013 Sin adici\u00f3n de Parabenos, fragancias y Colorantes<\/li>\n<li>Libre de crueldad animal.<\/li>\n<li>Envases amigables con el medio ambiente.<\/li>\n<\/ul>\n<p style=\"text-align: justify;\"><p style=\"text-align: justify;\"><span style=\"font-weight: 400;\"><a href=\"https:\/\/dev.infinitekparis.com\/us-es\/contacto-whatsapp\/\" target=\"_blank\" rel=\"noopener noreferrer\"><strong>Para mayor informaci\u00f3n, comun\u00edcate con una de nuestras asesoras al n\u00famero +1 (786) 233 6429.<\/strong><\/a><\/span><\/p>\n<p><span class=\"more_less less\">Ver menos<\/span><\/p>\n<\/div>\n","protected":false},"excerpt":{"rendered":"<p>Con Aceites de origen Amaz\u00f3nico y Chileno.<\/p>\n<ul>\n<li>F\u00f3rmula nutritiva 100% natural, rica en Vitaminas A, B, C y E.<\/li>\n<li>Hidrata, regenera y repara.<\/li>\n<li>Previene y disminuye la apariencia de cicatrices, manchas, arrugas y estr\u00edas.<\/li>\n<\/ul>\n<p><strong>Contiene:<\/strong>\u00a0Aceite de Rosa Mosqueta, Durazno, Burit\u00ed, Ca\u00f1a de Az\u00facar y Vitamina E.<\/p>\n","protected":false},"featured_media":0,"comment_status":"open","ping_status":"closed","template":"","meta":[],"product_cat":[124,77,73,65],"product_tag":[],"_links":{"self":[{"href":"https:\/\/dev.infinitekparis.com\/us-es\/wp-json\/wp\/v2\/product\/345"}],"collection":[{"href":"https:\/\/dev.infinitekparis.com\/us-es\/wp-json\/wp\/v2\/product"}],"about":[{"href":"https:\/\/dev.infinitekparis.com\/us-es\/wp-json\/wp\/v2\/types\/product"}],"replies":[{"embeddable":true,"href":"https:\/\/dev.infinitekparis.com\/us-es\/wp-json\/wp\/v2\/comments?post=345"}],"wp:attachment":[{"href":"https:\/\/dev.infinitekparis.com\/us-es\/wp-json\/wp\/v2\/media?parent=345"}],"wp:term":[{"taxonomy":"product_cat","embeddable":true,"href":"https:\/\/dev.infinitekparis.com\/us-es\/wp-json\/wp\/v2\/product_cat?post=345"},{"taxonomy":"product_tag","embeddable":true,"href":"https:\/\/dev.infinitekparis.com\/us-es\/wp-json\/wp\/v2\/product_tag?post=345"}],"curies":[{"name":"wp","href":"https:\/\/api.w.org\/{rel}","templated":true}]}}