{"id":373,"date":"2020-03-10T12:36:24","date_gmt":"2020-03-10T17:36:24","guid":{"rendered":"https:\/\/dev.infinitekparis.com\/tienda\/sin%20categor\u00eda\/multi-active-360-contorno-de-ojos\/"},"modified":"2022-12-13T14:49:14","modified_gmt":"2022-12-13T19:49:14","slug":"multi-active-360-contorno-de-ojos","status":"publish","type":"product","link":"https:\/\/dev.infinitekparis.com\/us-es\/tienda\/rutina\/antiedad-correccion\/multi-active-360-contorno-de-ojos\/","title":{"rendered":"Multi-Active 360 Contorno de Ojos"},"content":{"rendered":"<p style=\"text-align: justify;\">Previene y disminuye bolsas, ojeras y arrugas. Con nuestro <strong>Multi Active 360<\/strong> y su exclusiva f\u00f3rmula, reafirma, hidrata, suaviza, ilumina y descongestiona el contorno de los ojos.<span class=\"more_less more\"> &#8230;Ver m\u00e1s<\/span><\/p>\n<div id=\"more_text\">\n<p style=\"text-align: justify;\"><strong>\u00bfPara qu\u00e9 sirve?<\/strong><\/p>\n<p style=\"text-align: justify;\">Dise\u00f1ado para prevenir y corregir los signos visibles del envejecimiento como l\u00edneas finas, arrugas, deshidrataci\u00f3n y p\u00e9rdida de firmeza. Su f\u00f3rmula multifunci\u00f3n reafirma, ilumina e hidrata la zona del contorno de ojos, mientras previene y disminuye la apariencia de ojeras, bolsas y arrugas. Gracias a su poder nutritivo y reparador brinda\u00a0una sensaci\u00f3n de relajaci\u00f3n a los ojos cansados, revelando una mirada fresca, radiante y juvenil.<\/p>\n<p style=\"text-align: justify;\">*Seg\u00fan estudios de eficacia de los ingredientes activos, el 100% de los voluntarios tienen una mejora en general, con una piel m\u00e1s saludable y juvenil.<\/p>\n<ul style=\"text-align: justify;\">\n<li>PARA TODO TIPO DE PIEL \u2013 Sin adici\u00f3n de Parabenos, fragancias y Colorantes.<\/li>\n<li>Libre de crueldad animal.<\/li>\n<\/ul>\n<p style=\"text-align: justify;\"><p style=\"text-align: justify;\"><span style=\"font-weight: 400;\"><a href=\"https:\/\/dev.infinitekparis.com\/us-es\/contacto-whatsapp\/\" target=\"_blank\" rel=\"noopener noreferrer\"><strong>Para mayor informaci\u00f3n, comun\u00edcate con una de nuestras asesoras al n\u00famero +1 (786) 233 6429.<\/strong><\/a><\/span><\/p>\n<p><span class=\"more_less less\">Ver menos<\/span><\/p>\n<\/div>\n","protected":false},"excerpt":{"rendered":"<ul>\n<li>Previene y Mejora la Apariencia de Ojeras, Bolsas y Arrugas.<\/li>\n<li>Reafirma, Hidrata y Suaviza.<\/li>\n<li>Ilumina y Descongestiona el Contorno de Ojos.<\/li>\n<\/ul>\n<p><strong>Ingredientes Activos Dermatol\u00f3gicamente Probados.<\/strong><\/p>\n<p><strong>Contiene:<\/strong>\u00a0Cafe\u00edna, Retinol,\u00a0\u00c1cido Hialur\u00f3nico, Flor de Sa\u00faco, Col\u00e1geno, Caviar, Elastina y Aceite de Aguacate.<\/p>\n","protected":false},"featured_media":510441,"comment_status":"open","ping_status":"closed","template":"","meta":[],"product_cat":[124,73,60],"product_tag":[],"_links":{"self":[{"href":"https:\/\/dev.infinitekparis.com\/us-es\/wp-json\/wp\/v2\/product\/373"}],"collection":[{"href":"https:\/\/dev.infinitekparis.com\/us-es\/wp-json\/wp\/v2\/product"}],"about":[{"href":"https:\/\/dev.infinitekparis.com\/us-es\/wp-json\/wp\/v2\/types\/product"}],"replies":[{"embeddable":true,"href":"https:\/\/dev.infinitekparis.com\/us-es\/wp-json\/wp\/v2\/comments?post=373"}],"wp:featuredmedia":[{"embeddable":true,"href":"https:\/\/dev.infinitekparis.com\/us-es\/wp-json\/wp\/v2\/media\/510441"}],"wp:attachment":[{"href":"https:\/\/dev.infinitekparis.com\/us-es\/wp-json\/wp\/v2\/media?parent=373"}],"wp:term":[{"taxonomy":"product_cat","embeddable":true,"href":"https:\/\/dev.infinitekparis.com\/us-es\/wp-json\/wp\/v2\/product_cat?post=373"},{"taxonomy":"product_tag","embeddable":true,"href":"https:\/\/dev.infinitekparis.com\/us-es\/wp-json\/wp\/v2\/product_tag?post=373"}],"curies":[{"name":"wp","href":"https:\/\/api.w.org\/{rel}","templated":true}]}}