{"id":382,"date":"2020-03-10T12:40:47","date_gmt":"2020-03-10T17:40:47","guid":{"rendered":"https:\/\/dev.infinitekparis.com\/tienda\/sin%20categor\u00eda\/protector-solar-ultra-protection-spf-50\/"},"modified":"2022-12-12T14:15:59","modified_gmt":"2022-12-12T19:15:59","slug":"protector-solar-ultra-protection-spf-50","status":"publish","type":"product","link":"https:\/\/dev.infinitekparis.com\/us-es\/tienda\/rutina\/prevencion-proteccion\/protector-solar-ultra-protection-spf-50\/","title":{"rendered":"Protector Solar Ultra-Protection SPF 50"},"content":{"rendered":"<p style=\"text-align: justify;\">Protector solar de amplio espectro con f\u00f3rmula 100% mineral. Resistente al agua hasta 80 minutos, previene los signos del envejecimiento como manchas, arrugas, deshidrataci\u00f3n y c\u00e1ncer de piel. \u00dasalo como primer facial con acabado mate, su textura es ligera y no grasa. Ideal para cualquier tipo de piel, hasta las m\u00e1s sensibles.<span class=\"more_less more\"> &#8230;Ver m\u00e1s<\/span><\/p>\n<div id=\"more_text\">\n<p style=\"text-align: justify;\"><strong>\u00bfPara qu\u00e9 sirve?<\/strong><\/p>\n<p style=\"text-align: justify;\">Protector Solar Ultra-Protection SPF 50, F\u00f3rmula 100% mineral, brinda una protecci\u00f3n de amplio espectro contra los rayos UVA, UVB y Luz Azul, previniendo y mejorando los signos del envejecimiento como las manchas oscuras y el riesgo de c\u00e1ncer de piel. Adem\u00e1s de proteger e hidratar funciona como Primer Facial con acabado mate. Su tinte es de color universal (formulado para todos los tonos de piel), es de textura suave, liviana y no grasa, proporciona una correcci\u00f3n de color instant\u00e1nea para lucir un tono m\u00e1s uniforme, radiante y juvenil.<\/p>\n<ul style=\"text-align: justify;\">\n<li>PARA TODO TIPO DE PIEL \u2013 Sin adici\u00f3n de Parabenos, fragancias y Colorantes.<\/li>\n<li>Libre de crueldad animal.<\/li>\n<\/ul>\n<p style=\"text-align: justify;\"><p style=\"text-align: justify;\"><span style=\"font-weight: 400;\"><a href=\"https:\/\/dev.infinitekparis.com\/us-es\/contacto-whatsapp\/\" target=\"_blank\" rel=\"noopener noreferrer\"><strong>Para mayor informaci\u00f3n, comun\u00edcate con una de nuestras asesoras al n\u00famero +1 (786) 233 6429.<\/strong><\/a><\/span><\/p>\n<p><span class=\"more_less less\">Ver menos<\/span><\/p>\n<\/div>\n","protected":false},"excerpt":{"rendered":"<ul>\n<li>Protecci\u00f3n de Amplio Espectro Contra Rayos UVB, UVA, Luz Azul y Artificial.<\/li>\n<li>Combate los Signos del Envejecimiento como Arrugas y Manchas.<\/li>\n<li>Primer Facial \u2013 Acabado Mate.<\/li>\n<li>Textura Suave, Liviana y no Grasa.<\/li>\n<li>Resistente al agua (80 minutos).<\/li>\n<\/ul>\n<p><strong>F\u00f3rmula\u00a0Cl\u00ednicamente Probada.<\/strong><\/p>\n","protected":false},"featured_media":0,"comment_status":"open","ping_status":"closed","template":"","meta":[],"product_cat":[73,58,128],"product_tag":[],"_links":{"self":[{"href":"https:\/\/dev.infinitekparis.com\/us-es\/wp-json\/wp\/v2\/product\/382"}],"collection":[{"href":"https:\/\/dev.infinitekparis.com\/us-es\/wp-json\/wp\/v2\/product"}],"about":[{"href":"https:\/\/dev.infinitekparis.com\/us-es\/wp-json\/wp\/v2\/types\/product"}],"replies":[{"embeddable":true,"href":"https:\/\/dev.infinitekparis.com\/us-es\/wp-json\/wp\/v2\/comments?post=382"}],"wp:attachment":[{"href":"https:\/\/dev.infinitekparis.com\/us-es\/wp-json\/wp\/v2\/media?parent=382"}],"wp:term":[{"taxonomy":"product_cat","embeddable":true,"href":"https:\/\/dev.infinitekparis.com\/us-es\/wp-json\/wp\/v2\/product_cat?post=382"},{"taxonomy":"product_tag","embeddable":true,"href":"https:\/\/dev.infinitekparis.com\/us-es\/wp-json\/wp\/v2\/product_tag?post=382"}],"curies":[{"name":"wp","href":"https:\/\/api.w.org\/{rel}","templated":true}]}}