{"id":391,"date":"2020-03-10T12:44:15","date_gmt":"2020-03-10T17:44:15","guid":{"rendered":"https:\/\/dev.infinitekparis.com\/tienda\/sin%20categor\u00eda\/serum-acido-hialuronico-silicio-organico\/"},"modified":"2022-12-12T14:15:57","modified_gmt":"2022-12-12T19:15:57","slug":"serum-acido-hialuronico-silicio-organico","status":"publish","type":"product","link":"https:\/\/dev.infinitekparis.com\/us-es\/tienda\/rutina\/antiedad-correccion\/serum-acido-hialuronico-silicio-organico\/","title":{"rendered":"S\u00e9rum \u00c1cido Hialur\u00f3nico + Silicio Org\u00e1nico"},"content":{"rendered":"<p style=\"text-align: justify;\"><strong>S\u00e9rum \u00c1cido Hialur\u00f3nico + Silicio Org\u00e1nico<\/strong>. Brinda una hidrataci\u00f3n intensa y duradera, combate la p\u00e9rdida de firmeza, aumenta la producci\u00f3n natural de col\u00e1geno. Disminuye y previene los signos del envejecimiento como arrugas, l\u00edneas de expresi\u00f3n y flacidez. Mejora la textura y el grosor de la piel.<span class=\"more_less more\"> &#8230;Ver m\u00e1s<\/span><\/p>\n<div id=\"more_text\">\n<p style=\"text-align: justify;\"><strong>\u00bfPara qu\u00e9 sirve?<\/strong><\/p>\n<p style=\"text-align: justify;\">Brinda una hidrataci\u00f3n intensa y duradera. Disminuye y previene la apariencia de arrugas y l\u00edneas finas. Visiblemente mejora el grosor y la textura; para una piel m\u00e1s densa, resistente y flexible; capaz de combatir los efectos de los radicales libres, el estr\u00e9s y la fatiga. Rellena y reafirma, para una apariencia m\u00e1s joven y saludable.<\/p>\n<p style=\"text-align: justify;\">Es un hidratante ideal para la piel propensa al acn\u00e9.<\/p>\n<ul style=\"text-align: justify;\">\n<li>PARA TODO TIPO DE PIEL \u2013 Sin adici\u00f3n de Parabenos, fragancias y Colorantes.<\/li>\n<li>Libre de crueldad animal.<\/li>\n<li>Envase amigable con el medio ambiente.<\/li>\n<\/ul>\n<p style=\"text-align: justify;\"><p style=\"text-align: justify;\"><span style=\"font-weight: 400;\"><a href=\"https:\/\/dev.infinitekparis.com\/us-es\/contacto-whatsapp\/\" target=\"_blank\" rel=\"noopener noreferrer\"><strong>Para mayor informaci\u00f3n, comun\u00edcate con una de nuestras asesoras al n\u00famero +1 (786) 233 6429.<\/strong><\/a><\/span><\/p>\n<p><span class=\"more_less less\">Ver menos<\/span><\/p>\n<\/div>\n","protected":false},"excerpt":{"rendered":"<ul>\n<li>Hidrataci\u00f3n Intensa y Duradera.<\/li>\n<li>Combate la P\u00e9rdida de Firmeza.<\/li>\n<li>Suaviza Arrugas y L\u00edneas Finas.<\/li>\n<li>Mejora la Textura y el Grosor de la Piel.<\/li>\n<\/ul>\n<p><strong>Ingredientes Activos Dermatol\u00f3gicamente Probados.<\/strong><\/p>\n","protected":false},"featured_media":0,"comment_status":"open","ping_status":"closed","template":"","meta":[],"product_cat":[124,73,60],"product_tag":[],"_links":{"self":[{"href":"https:\/\/dev.infinitekparis.com\/us-es\/wp-json\/wp\/v2\/product\/391"}],"collection":[{"href":"https:\/\/dev.infinitekparis.com\/us-es\/wp-json\/wp\/v2\/product"}],"about":[{"href":"https:\/\/dev.infinitekparis.com\/us-es\/wp-json\/wp\/v2\/types\/product"}],"replies":[{"embeddable":true,"href":"https:\/\/dev.infinitekparis.com\/us-es\/wp-json\/wp\/v2\/comments?post=391"}],"wp:attachment":[{"href":"https:\/\/dev.infinitekparis.com\/us-es\/wp-json\/wp\/v2\/media?parent=391"}],"wp:term":[{"taxonomy":"product_cat","embeddable":true,"href":"https:\/\/dev.infinitekparis.com\/us-es\/wp-json\/wp\/v2\/product_cat?post=391"},{"taxonomy":"product_tag","embeddable":true,"href":"https:\/\/dev.infinitekparis.com\/us-es\/wp-json\/wp\/v2\/product_tag?post=391"}],"curies":[{"name":"wp","href":"https:\/\/api.w.org\/{rel}","templated":true}]}}