{"id":416,"date":"2020-03-10T12:55:25","date_gmt":"2020-03-10T17:55:25","guid":{"rendered":"https:\/\/dev.infinitekparis.com\/tienda\/sin%20categor\u00eda\/dermo-clean-solucion-micelar\/"},"modified":"2022-12-12T14:15:51","modified_gmt":"2022-12-12T19:15:51","slug":"dermo-clean-solucion-micelar","status":"publish","type":"product","link":"https:\/\/dev.infinitekparis.com\/us-es\/tienda\/rutina\/limpieza\/dermo-clean-solucion-micelar\/","title":{"rendered":"Dermo-Clean Soluci\u00f3n Micelar"},"content":{"rendered":"<p style=\"text-align: justify;\">\u00a1Luce una piel fresca y juvenil! Nuestra <strong>Dermo-Clean Soluci\u00f3n Micelar<\/strong> elimina impurezas y maquillaje a prueba de agua. Su innovadora y exclusiva f\u00f3rmula tonifica, aclara, nutre e hidrata, revelando una piel radiante y juvenil. Ideal para pieles sensibles o con ros\u00e1cea.<span class=\"more_less more\"> &#8230;Ver m\u00e1s<\/span><\/p>\n<div id=\"more_text\">\n<p style=\"text-align: justify;\"><b>ara qu\u00e9 sirve<\/b><span style=\"font-weight: 400;\">: Infinitek Paris Dermo Clean Soluci\u00f3n Micelar, desmaquilla de manera delicada y suave, mientras tonifica, hidrata y revitaliza la piel. Act\u00faa como un im\u00e1n atrapando y eliminando impurezas, oleosidad y residuos de contaminaci\u00f3n, dejando la piel limpia y fresca. Disminuye y previene las rojeces mejorando el tono de la piel, revel\u00e1ndola radiante, renovada y con aspecto juvenil.<\/span><\/p>\n<p style=\"text-align: justify;\"><span style=\"font-weight: 400;\">*Indicada para las pieles m\u00e1s sensibles o sometidas a tratamientos m\u00e9dicos o cosm\u00e9ticos agresivos.<\/span><\/p>\n<p style=\"text-align: justify;\"><span style=\"font-weight: 400;\">Libre de colorante, sin adici\u00f3n de fragancia ni alcohol, <\/span><span style=\"font-weight: 400;\">Libre de parabenos y crueldad animal.<\/span><\/p>\n<p style=\"text-align: justify;\"><p style=\"text-align: justify;\"><span style=\"font-weight: 400;\"><a href=\"https:\/\/dev.infinitekparis.com\/us-es\/contacto-whatsapp\/\" target=\"_blank\" rel=\"noopener noreferrer\"><strong>Para mayor informaci\u00f3n, comun\u00edcate con una de nuestras asesoras al n\u00famero +1 (786) 233 6429.<\/strong><\/a><\/span><\/p>\n<p><span class=\"more_less less\">Ver menos<\/span><\/p>\n<\/div>\n","protected":false},"excerpt":{"rendered":"<ul>\n<li style=\"font-weight: 400;\"><span style=\"font-weight: 400;\">Desmaquilla y elimina impurezas.<\/span><\/li>\n<li style=\"font-weight: 400;\"><span style=\"font-weight: 400;\">Tonifica y aclara.<\/span><\/li>\n<li style=\"font-weight: 400;\"><span style=\"font-weight: 400;\">Nutre e Hidrata.<\/span><\/li>\n<li style=\"font-weight: 400;\"><span style=\"font-weight: 400;\">Mejora la apariencia de ros\u00e1cea.<\/span><\/li>\n<\/ul>\n<p><strong>Ingredientes Activos Dermatol\u00f3gicamente Probados.<\/strong><\/p>\n","protected":false},"featured_media":0,"comment_status":"open","ping_status":"closed","template":"","meta":[],"product_cat":[73,58,127],"product_tag":[],"_links":{"self":[{"href":"https:\/\/dev.infinitekparis.com\/us-es\/wp-json\/wp\/v2\/product\/416"}],"collection":[{"href":"https:\/\/dev.infinitekparis.com\/us-es\/wp-json\/wp\/v2\/product"}],"about":[{"href":"https:\/\/dev.infinitekparis.com\/us-es\/wp-json\/wp\/v2\/types\/product"}],"replies":[{"embeddable":true,"href":"https:\/\/dev.infinitekparis.com\/us-es\/wp-json\/wp\/v2\/comments?post=416"}],"wp:attachment":[{"href":"https:\/\/dev.infinitekparis.com\/us-es\/wp-json\/wp\/v2\/media?parent=416"}],"wp:term":[{"taxonomy":"product_cat","embeddable":true,"href":"https:\/\/dev.infinitekparis.com\/us-es\/wp-json\/wp\/v2\/product_cat?post=416"},{"taxonomy":"product_tag","embeddable":true,"href":"https:\/\/dev.infinitekparis.com\/us-es\/wp-json\/wp\/v2\/product_tag?post=416"}],"curies":[{"name":"wp","href":"https:\/\/api.w.org\/{rel}","templated":true}]}}