{"id":484661,"date":"2021-03-23T00:00:36","date_gmt":"2021-03-23T05:04:36","guid":{"rendered":"https:\/\/dev.infinitekparis.com\/?post_type=product&#038;p=484661"},"modified":"2022-12-12T14:26:51","modified_gmt":"2022-12-12T19:26:51","slug":"essential-kit","status":"publish","type":"product","link":"https:\/\/dev.infinitekparis.com\/us-es\/tienda\/platine\/essential-kit\/","title":{"rendered":"Kit Essential"},"content":{"rendered":"<p style=\"text-align: justify;\">3 productos infaltables para realzar la belleza del rostro \u00a1Tu piel lo amar\u00e1! Suaviza, hidrata, reafirma, protege, ilumina, aclara y unifica el tono de la piel. \u00bfQu\u00e9 esperas para probarlo? Resultados visibles en d\u00edas o semanas. Contiene ingredientes activos dermatol\u00f3gicamente probados.<span class=\"more_less more\"> &#8230;Ver m\u00e1s<\/span><\/p>\n<div id=\"more_text\">\n<p style=\"text-align: justify;\">Nuestro <strong>Essential <\/strong><strong>Kit <\/strong>contiene 3 productos indispensables para una rutina diaria de cuidado de la piel.<\/p>\n<ul>\n<li style=\"text-align: justify;\"><strong><a class=\"row-title\" href=\"https:\/\/dev.infinitekparis.com\/us-es\/tienda\/rutina\/prevencion\/serum-vitamina-c\/\">S\u00e9rum Vitamina C + Silicio Org\u00e1nico<\/a>. <\/strong>Formulado con Vitamina C, E y \u00c1cido Fer\u00falico para maximizar su acci\u00f3n antioxidante. Fortalece la piel, combate los efectos de los radicales libres, la contaminaci\u00f3n y el da\u00f1o solar, principales causantes del envejecimiento prematuro. Act\u00faa como un potenciador de luminosidad, mejorando y aclarando el tono de la piel, revel\u00e1ndola renovada, radiante y juvenil.<\/li>\n<li style=\"text-align: justify;\"><strong><a class=\"row-title\" href=\"https:\/\/dev.infinitekparis.com\/us-es\/tienda\/rutina\/antiedad-correccion\/serum-acido-hialuronico-silicio-organico\/\">S\u00e9rum \u00c1cido Hialur\u00f3nico + Silicio Org\u00e1nico<\/a>. <\/strong>Brinda una hidrataci\u00f3n intensa y duradera. Disminuye y previene la apariencia de arrugas y l\u00edneas de expresi\u00f3n. Visiblemente mejora la firmeza, el grosor y la textura; para una piel m\u00e1s densa, resistente y flexible.<\/li>\n<li style=\"text-align: justify;\"><a href=\"https:\/\/dev.infinitekparis.com\/us-es\/tienda\/elementaire\/protector-solar-ultra-protection-spf-50\/\"><strong>Protector Solar Ultra-Protection SPF 50: <\/strong><\/a>F\u00f3rmula 100% mineral, brinda una protecci\u00f3n de amplio espectro contra los rayos UVA, UVB y Luz Azul, previniendo y mejorando los signos del envejecimiento como arrugas, manchas, y el riesgo de c\u00e1ncer de piel.\u00a0Funciona como Primer Facial \u2013 Acabado Mate y resistente al agua (80 minutos).<\/li>\n<\/ul>\n<p style=\"text-align: justify;\"><strong>Nuestros s\u00e9rums contienen Silicio Org\u00e1nico<\/strong>, un activo incre\u00edble que ayuda a aumentar la producci\u00f3n de col\u00e1geno y elastina de la piel. Reafirma y retrasa la aparici\u00f3n de los signos del envejecimiento prematuro como manchas, arrugas y deshidrataci\u00f3n.<\/p>\n<p style=\"text-align: justify;\"><p style=\"text-align: justify;\"><span style=\"font-weight: 400;\"><a href=\"https:\/\/dev.infinitekparis.com\/us-es\/contacto-whatsapp\/\" target=\"_blank\" rel=\"noopener noreferrer\"><strong>Para mayor informaci\u00f3n, comun\u00edcate con una de nuestras asesoras al n\u00famero +1 (786) 233 6429.<\/strong><\/a><\/span><\/p>\n<p><span class=\"more_less less\">Ver menos<\/span><\/p>\n<\/div>\n","protected":false},"excerpt":{"rendered":"<p>3 productos esenciales en tu rutina de belleza diaria. Ideales para cuidar, prevenir, hidratar y proteger tu piel de los radicales libres y agentes externos.<\/p>\n<ul>\n<li><strong>S\u00e9rum Vitamina C + Silicio Org\u00e1nico<\/strong>: Antioxidante. Ilumina, aclara y unifica el tono de la piel.<\/li>\n<li><strong>S\u00e9rum \u00c1cido Hialur\u00f3nico + Silicio Org\u00e1nico<\/strong>: Hidrata, reafirma y suaviza la piel.<\/li>\n<li><strong>Protector Solar Ultra Protection SPF 50<\/strong>: Protege contra los rayos UVB, UVA, Luz Azul y Artificial.<\/li>\n<\/ul>\n<p><strong>\u00a1Tu piel lo amar\u00e1!<\/strong><\/p>\n","protected":false},"featured_media":0,"comment_status":"open","ping_status":"closed","template":"","meta":[],"product_cat":[73,81,60],"product_tag":[],"_links":{"self":[{"href":"https:\/\/dev.infinitekparis.com\/us-es\/wp-json\/wp\/v2\/product\/484661"}],"collection":[{"href":"https:\/\/dev.infinitekparis.com\/us-es\/wp-json\/wp\/v2\/product"}],"about":[{"href":"https:\/\/dev.infinitekparis.com\/us-es\/wp-json\/wp\/v2\/types\/product"}],"replies":[{"embeddable":true,"href":"https:\/\/dev.infinitekparis.com\/us-es\/wp-json\/wp\/v2\/comments?post=484661"}],"wp:attachment":[{"href":"https:\/\/dev.infinitekparis.com\/us-es\/wp-json\/wp\/v2\/media?parent=484661"}],"wp:term":[{"taxonomy":"product_cat","embeddable":true,"href":"https:\/\/dev.infinitekparis.com\/us-es\/wp-json\/wp\/v2\/product_cat?post=484661"},{"taxonomy":"product_tag","embeddable":true,"href":"https:\/\/dev.infinitekparis.com\/us-es\/wp-json\/wp\/v2\/product_tag?post=484661"}],"curies":[{"name":"wp","href":"https:\/\/api.w.org\/{rel}","templated":true}]}}