{"id":506704,"date":"2021-06-10T16:13:09","date_gmt":"2021-06-10T21:13:09","guid":{"rendered":"https:\/\/dev.infinitekparis.com\/?post_type=product&#038;p=506704"},"modified":"2022-11-10T14:05:22","modified_gmt":"2022-11-10T19:05:22","slug":"infinitek-paris-gift-card","status":"publish","type":"product","link":"https:\/\/dev.infinitekparis.com\/us-es\/tienda\/platine\/infinitek-paris-gift-card\/","title":{"rendered":"Infinitek Paris Gift Card"},"content":{"rendered":"<p style=\"text-align: justify;\">\u00bfBuscas el regalo perfecto? Sorprende a esa persona especial con una Gift Card Infinitek Paris. No importa la distancia, reg\u00e1lale juventud, salud y belleza.<\/p>\n<p style=\"text-align: justify;\"><span style=\"font-weight: 400;\"><a href=\"https:\/\/dev.infinitekparis.com\/us-es\/contacto-whatsapp\/\" target=\"_blank\" rel=\"noopener noreferrer\"><strong>Para mayor informaci\u00f3n, comun\u00edcate con una de nuestras asesoras al n\u00famero +1 (786) 233 6429.<\/strong><\/a><\/span><\/p>\n","protected":false},"excerpt":{"rendered":"<p>\u00bfBuscas el regalo ideal para cualquier ocasi\u00f3n?<\/p>\n<p>Sorprende a esa persona especial con nuestra Gift Card Infinitek Paris.<\/p>\n","protected":false},"featured_media":0,"comment_status":"open","ping_status":"closed","template":"","meta":[],"product_cat":[60],"product_tag":[],"_links":{"self":[{"href":"https:\/\/dev.infinitekparis.com\/us-es\/wp-json\/wp\/v2\/product\/506704"}],"collection":[{"href":"https:\/\/dev.infinitekparis.com\/us-es\/wp-json\/wp\/v2\/product"}],"about":[{"href":"https:\/\/dev.infinitekparis.com\/us-es\/wp-json\/wp\/v2\/types\/product"}],"replies":[{"embeddable":true,"href":"https:\/\/dev.infinitekparis.com\/us-es\/wp-json\/wp\/v2\/comments?post=506704"}],"wp:attachment":[{"href":"https:\/\/dev.infinitekparis.com\/us-es\/wp-json\/wp\/v2\/media?parent=506704"}],"wp:term":[{"taxonomy":"product_cat","embeddable":true,"href":"https:\/\/dev.infinitekparis.com\/us-es\/wp-json\/wp\/v2\/product_cat?post=506704"},{"taxonomy":"product_tag","embeddable":true,"href":"https:\/\/dev.infinitekparis.com\/us-es\/wp-json\/wp\/v2\/product_tag?post=506704"}],"curies":[{"name":"wp","href":"https:\/\/api.w.org\/{rel}","templated":true}]}}