{"id":550718,"date":"2021-08-02T17:04:05","date_gmt":"2021-08-02T22:04:05","guid":{"rendered":"https:\/\/dev.infinitekparis.com\/tienda\/sin%20categor\u00eda\/silicone-mask-brush\/"},"modified":"2022-09-19T11:42:08","modified_gmt":"2022-09-19T16:42:08","slug":"silicone-mask-brush","status":"publish","type":"product","link":"https:\/\/dev.infinitekparis.com\/us-es\/tienda\/accesorios\/silicone-mask-brush\/","title":{"rendered":"Silicone Mask Brush"},"content":{"rendered":"<p>Infinitek\u00ae Paris <strong>SILICONE MASK BRUSH<\/strong>, es una esp\u00e1tula de silicona reutilizable, pr\u00e1ctica e higi\u00e9nica, ideal para aplicar mascarillas faciales de manera uniforme y evitar el desperdicio de producto.<\/p>\n<p><strong>Recomendaciones de limpieza:<\/strong><\/p>\n<p>Aplicar jab\u00f3n y lavar con agua tibia.<\/p>\n<p style=\"text-align: justify;\"><p style=\"text-align: justify;\"><span style=\"font-weight: 400;\"><a href=\"https:\/\/dev.infinitekparis.com\/us-es\/contacto-whatsapp\/\" target=\"_blank\" rel=\"noopener noreferrer\"><strong>Para mayor informaci\u00f3n, comun\u00edcate con una de nuestras asesoras al n\u00famero +1 (786) 233 6429.<\/strong><\/a><\/span><\/p>\n","protected":false},"excerpt":{"rendered":"<ul>\n<li>Textura suave.<\/li>\n<li>Antis\u00e9ptica.<\/li>\n<li>Material ideal para pieles sensibles.<\/li>\n<li>Libre de BPA.<\/li>\n<\/ul>\n","protected":false},"featured_media":0,"comment_status":"open","ping_status":"closed","template":"","meta":[],"product_cat":[67],"product_tag":[],"_links":{"self":[{"href":"https:\/\/dev.infinitekparis.com\/us-es\/wp-json\/wp\/v2\/product\/550718"}],"collection":[{"href":"https:\/\/dev.infinitekparis.com\/us-es\/wp-json\/wp\/v2\/product"}],"about":[{"href":"https:\/\/dev.infinitekparis.com\/us-es\/wp-json\/wp\/v2\/types\/product"}],"replies":[{"embeddable":true,"href":"https:\/\/dev.infinitekparis.com\/us-es\/wp-json\/wp\/v2\/comments?post=550718"}],"wp:attachment":[{"href":"https:\/\/dev.infinitekparis.com\/us-es\/wp-json\/wp\/v2\/media?parent=550718"}],"wp:term":[{"taxonomy":"product_cat","embeddable":true,"href":"https:\/\/dev.infinitekparis.com\/us-es\/wp-json\/wp\/v2\/product_cat?post=550718"},{"taxonomy":"product_tag","embeddable":true,"href":"https:\/\/dev.infinitekparis.com\/us-es\/wp-json\/wp\/v2\/product_tag?post=550718"}],"curies":[{"name":"wp","href":"https:\/\/api.w.org\/{rel}","templated":true}]}}