{"id":576922,"date":"2021-10-30T00:34:56","date_gmt":"2021-10-30T05:35:33","guid":{"rendered":"https:\/\/dev.infinitekparis.com\/?post_type=product&#038;p=576922"},"modified":"2022-11-09T16:26:39","modified_gmt":"2022-11-09T21:26:39","slug":"kit-anti-estrias","status":"publish","type":"product","link":"https:\/\/dev.infinitekparis.com\/us-es\/tienda\/cuidado-corporal\/kit-anti-estrias\/","title":{"rendered":"Kit Anti-Estr\u00edas"},"content":{"rendered":"<p style=\"text-align: justify;\">\u00bfDeseas mejorar la apariencia de estr\u00edas, flacidez y piel deshidratada?\u00a0El embarazo, los cambios hormonales, la p\u00e9rdida o aumento de peso pueden provocar la aparici\u00f3n de estr\u00edas en diferentes zonas del cuerpo. Nuestro Kit Anti-Estr\u00edas mejora la textura de tu piel, reafirma, tonifica, levanta y suaviza.<span class=\"more_less more\"> &#8230;Ver m\u00e1s<\/span><\/p>\n<div id=\"more_text\">\n<ul style=\"text-align: justify;\">\n<li><a href=\"https:\/\/dev.infinitekparis.com\/us-es\/tienda\/rutina\/rutina-cuidado-corporal\/reafirmante-anti-estrias-complex\/\" target=\"_blank\" rel=\"noopener\"><strong>Reafirmante Anti-Estr\u00edas <\/strong><strong>Complex. <\/strong><\/a>Previene y reduce la apariencia de estr\u00edas y flacidez, mientras tonifica, reafirma, levanta y suaviza la piel, estimulando la producci\u00f3n de col\u00e1geno y fibras el\u00e1sticas. Formulado para prevenir la apariencia de flacidez, estri\u0301as, cicatrices y deshidrataci\u00f3n.<\/li>\n<\/ul>\n<p style=\"text-align: justify;\"><strong>*Seg\u00fan estudios de efectividad: proporciona una mejora global de la calidad de la piel.<\/strong><\/p>\n<ul style=\"text-align: justify;\">\n<li><a href=\"https:\/\/dev.infinitekparis.com\/us-es\/tienda\/rutina\/antiedad-correccion\/aceite-rosa-mosqueta\/\" target=\"_blank\" rel=\"noopener\"><strong>Aceite Rosa Mosqueta.<\/strong><\/a> Su f\u00f3rmula con Vitamina E, Aceite de Durazno, Burit\u00ed y Ca\u00f1a de Az\u00facar, est\u00e1 dise\u00f1ada para crear una rica fuente de antioxidantes y \u00e1cidos grasos esenciales para hidratar, humectar y nutrir la piel. Ayuda a la formaci\u00f3n de col\u00e1geno y fibras el\u00e1sticas; mientras regenera y repara la piel seca y sensible. Fortalece la barrera protectora de la piel, mientras combate y suaviza los signos del envejecimiento prematuro. Su f\u00f3rmula es ideal para el tratamiento de cicatrices, l\u00edneas de expresi\u00f3n, arrugas, estr\u00edas y deshidrataci\u00f3n de la piel.<\/li>\n<\/ul>\n<p style=\"text-align: justify;\"><span style=\"font-weight: 400;\"><a href=\"https:\/\/dev.infinitekparis.com\/us-es\/contacto-whatsapp\/\" target=\"_blank\" rel=\"noopener noreferrer\"><strong>Para mayor informaci\u00f3n, comun\u00edcate con una de nuestras asesoras al n\u00famero +1 (786) 233 6429.<\/strong><\/a><\/span><\/p>\n<span class=\"more_less less\">Ver menos<\/span><\/p>\n<\/div>\n","protected":false},"excerpt":{"rendered":"<p style=\"text-align: left;\">Conoce 2 productos ideales para cuidar y proteger la piel de tu cuerpo. Disminuye y previene la apariencia de estr\u00edas mientras tonifica, nutre y repara tu piel.<\/p>\n<ul>\n<li><strong>Reafirmante Anti-Estr\u00edas Complex.<\/strong> Previene la apariencia de flacidez, estr\u00edas, cicatrices y deshidrataci\u00f3n.<\/li>\n<li><strong>Aceite Rosa Mosqueta<\/strong>. F\u00f3rmula 100% natural que promueve la producci\u00f3n de col\u00e1geno y fibras el\u00e1sticas.<\/li>\n<\/ul>\n","protected":false},"featured_media":0,"comment_status":"open","ping_status":"closed","template":"","meta":[],"product_cat":[77,81],"product_tag":[],"_links":{"self":[{"href":"https:\/\/dev.infinitekparis.com\/us-es\/wp-json\/wp\/v2\/product\/576922"}],"collection":[{"href":"https:\/\/dev.infinitekparis.com\/us-es\/wp-json\/wp\/v2\/product"}],"about":[{"href":"https:\/\/dev.infinitekparis.com\/us-es\/wp-json\/wp\/v2\/types\/product"}],"replies":[{"embeddable":true,"href":"https:\/\/dev.infinitekparis.com\/us-es\/wp-json\/wp\/v2\/comments?post=576922"}],"wp:attachment":[{"href":"https:\/\/dev.infinitekparis.com\/us-es\/wp-json\/wp\/v2\/media?parent=576922"}],"wp:term":[{"taxonomy":"product_cat","embeddable":true,"href":"https:\/\/dev.infinitekparis.com\/us-es\/wp-json\/wp\/v2\/product_cat?post=576922"},{"taxonomy":"product_tag","embeddable":true,"href":"https:\/\/dev.infinitekparis.com\/us-es\/wp-json\/wp\/v2\/product_tag?post=576922"}],"curies":[{"name":"wp","href":"https:\/\/api.w.org\/{rel}","templated":true}]}}