{"id":581769,"date":"2021-11-02T00:02:03","date_gmt":"2021-11-02T04:16:17","guid":{"rendered":"https:\/\/dev.infinitekparis.com\/?post_type=product&#038;p=581769"},"modified":"2022-12-12T14:42:57","modified_gmt":"2022-12-12T19:42:57","slug":"glam-set","status":"publish","type":"product","link":"https:\/\/dev.infinitekparis.com\/us-es\/tienda\/kits\/glam-set\/","title":{"rendered":"Glam Set"},"content":{"rendered":"<p style=\"text-align: justify;\">Nuestro <strong>GLAM SET<\/strong>, es un rubor en crema para labios, mejillas y ojos. Su exclusiva f\u00f3rmula multifunci\u00f3n, permite darle un tono radiante y juvenil a los labios y a la piel del rostro. Es de textura suave y ligera con acabado mate y aterciopelado. Se puede mezclar con otros colores para lograr el tono deseado. Contiene pigmentos naturales y extracto de <strong>Bixa Orellana<\/strong>, los cuales ayudan a mantener la belleza natural de la piel; revel\u00e1ndola firme, hidratada y joven.<span class=\"more_less more\"> &#8230;Ver m\u00e1s<\/span><\/p>\n<div id=\"more_text\">\n<p style=\"text-align: justify;\"><strong>\u00bfPara qu\u00e9 sirve?<\/strong><\/p>\n<p style=\"text-align: justify;\">Ideal para aplicar en el d\u00eda o en la noche y lucir un maquillaje natural, duradero y juvenil, mientras hidrata la piel. Su aplicaci\u00f3n es gradual, de un tono m\u00e1s natural a un tono m\u00e1s profundo, logrando adaptarse a los gustos y preferencias logrando la intensidad deseada.<\/p>\n<p style=\"text-align: justify;\">REGISTRO INVIMA: NSOC07341-21CO<\/p>\n<p style=\"text-align: justify;\"><span style=\"font-weight: 400;\"><a href=\"https:\/\/dev.infinitekparis.com\/us-es\/contacto-whatsapp\/\" target=\"_blank\" rel=\"noopener noreferrer\"><strong>Para mayor informaci\u00f3n, comun\u00edcate con una de nuestras asesoras al n\u00famero +1 (786) 233 6429.<\/strong><\/a><\/span><\/p>\n<span class=\"more_less less\">Ver menos<\/span><\/p>\n<\/div>\n","protected":false},"excerpt":{"rendered":"<ul>\n<li>Set de rubor en crema para labios, mejillas y ojos.<\/li>\n<li>F\u00f3rmula ligera.<\/li>\n<li>Acabado natural mate.<\/li>\n<li>Hidrata y suaviza.<\/li>\n<\/ul>\n","protected":false},"featured_media":0,"comment_status":"open","ping_status":"closed","template":"","meta":[],"product_cat":[81,498],"product_tag":[],"_links":{"self":[{"href":"https:\/\/dev.infinitekparis.com\/us-es\/wp-json\/wp\/v2\/product\/581769"}],"collection":[{"href":"https:\/\/dev.infinitekparis.com\/us-es\/wp-json\/wp\/v2\/product"}],"about":[{"href":"https:\/\/dev.infinitekparis.com\/us-es\/wp-json\/wp\/v2\/types\/product"}],"replies":[{"embeddable":true,"href":"https:\/\/dev.infinitekparis.com\/us-es\/wp-json\/wp\/v2\/comments?post=581769"}],"wp:attachment":[{"href":"https:\/\/dev.infinitekparis.com\/us-es\/wp-json\/wp\/v2\/media?parent=581769"}],"wp:term":[{"taxonomy":"product_cat","embeddable":true,"href":"https:\/\/dev.infinitekparis.com\/us-es\/wp-json\/wp\/v2\/product_cat?post=581769"},{"taxonomy":"product_tag","embeddable":true,"href":"https:\/\/dev.infinitekparis.com\/us-es\/wp-json\/wp\/v2\/product_tag?post=581769"}],"curies":[{"name":"wp","href":"https:\/\/api.w.org\/{rel}","templated":true}]}}