{"id":608186,"date":"2021-12-03T02:40:40","date_gmt":"2021-12-03T07:44:49","guid":{"rendered":"https:\/\/dev.infinitekparis.com\/?post_type=product&#038;p=608186"},"modified":"2022-11-09T15:42:13","modified_gmt":"2022-11-09T20:42:13","slug":"glam-set-protector-solar-ultra-protection-spf-50","status":"publish","type":"product","link":"https:\/\/dev.infinitekparis.com\/us-es\/tienda\/platine\/glam-set-protector-solar-ultra-protection-spf-50\/","title":{"rendered":"Glam Set + Protector Solar Ultra Protection SPF 50"},"content":{"rendered":"<p style=\"text-align: justify;\">Resalta tu belleza natural con una rutina r\u00e1pida y sencilla. Previene los signos del envejecimiento como manchas, arrugas, deshidrataci\u00f3n y c\u00e1ncer de piel con nuestro Protector Solar Ultra Protection SPF 50 y complementa tu rutina diaria con nuestro Glam Set, para darle un tono radiante y juvenil a los labios y a la piel del rostro, puedes mezclar los colores para lograr la intensidad deseada.<\/p>\n<ul>\n<li style=\"text-align: justify;\"><a href=\"https:\/\/dev.infinitekparis.com\/us-es\/tienda\/elementaire\/protector-solar-ultra-protection-spf-50\/\" target=\"_blank\" rel=\"noopener\"><strong>Protector Solar Ultra-<\/strong><strong>Protection<\/strong><strong> SPF 50. <\/strong><\/a>F\u00f3rmula 100% mineral, brinda una protecci\u00f3n de amplio espectro contra los rayos UVA, UVB y Luz Azul, previniendo y mejorando los signos del envejecimiento como las manchas oscuras y el riesgo de c\u00e1ncer de piel. Adem\u00e1s de proteger e hidratar funciona como Primer Facial con acabado mate. Su tinte es de color universal (formulado para todos los tonos de piel), es de textura suave, liviana y no grasa, proporciona una correcci\u00f3n de color instant\u00e1nea para lucir un tono m\u00e1s uniforme, radiante y juvenil.<\/li>\n<li style=\"text-align: justify;\"><a href=\"https:\/\/dev.infinitekparis.com\/us-es\/tienda\/maquillaje\/glam-set\/\" target=\"_blank\" rel=\"noopener\"><strong>Glam<\/strong><strong> set.<\/strong><\/a> Es un rubor en crema para labios, mejillas y ojos. Su exclusiva f\u00f3rmula multifunci\u00f3n, permite darle un tono radiante y juvenil a los labios y a la piel del rostro. Es de textura suave y ligera con acabado mate y aterciopelado. Se puede mezclar con otros colores para lograr el tono deseado. Contiene pigmentos naturales y extracto de\u00a0<strong>Bixa<\/strong><strong> Orellana<\/strong>, los cuales ayudan a mantener la belleza natural de la piel; revel\u00e1ndola firme, hidratada y joven.<\/li>\n<\/ul>\n<p style=\"text-align: justify;\"><span style=\"font-weight: 400;\"><a href=\"https:\/\/dev.infinitekparis.com\/us-es\/contacto-whatsapp\/\" target=\"_blank\" rel=\"noopener noreferrer\"><strong>Para mayor informaci\u00f3n, comun\u00edcate con una de nuestras asesoras al n\u00famero +1 (786) 233 6429.<\/strong><\/a><\/span><\/p>\n","protected":false},"excerpt":{"rendered":"<p style=\"text-align: left;\">Cuida tu piel durante el d\u00eda con una rutina r\u00e1pida y sencilla. Protege tu piel de los rayos del sol, la luz artificial y resalta tu belleza natural, con una piel firme, joven y radiante.<\/p>\n<ul>\n<li style=\"text-align: left;\"><strong>Glam<\/strong><strong> Set<\/strong><strong>:<\/strong>\u00a0rubor en crema para labios, mejillas y ojos.<\/li>\n<li style=\"text-align: left;\"><strong>Protector Solar Ultra <\/strong><strong>Protection<\/strong><strong> SPF 50:<\/strong> protecci\u00f3n de amplio espectro contra los rayos UVA, UVB y Luz Azul.<\/li>\n<\/ul>\n","protected":false},"featured_media":0,"comment_status":"open","ping_status":"closed","template":"","meta":[],"product_cat":[81,60],"product_tag":[],"_links":{"self":[{"href":"https:\/\/dev.infinitekparis.com\/us-es\/wp-json\/wp\/v2\/product\/608186"}],"collection":[{"href":"https:\/\/dev.infinitekparis.com\/us-es\/wp-json\/wp\/v2\/product"}],"about":[{"href":"https:\/\/dev.infinitekparis.com\/us-es\/wp-json\/wp\/v2\/types\/product"}],"replies":[{"embeddable":true,"href":"https:\/\/dev.infinitekparis.com\/us-es\/wp-json\/wp\/v2\/comments?post=608186"}],"wp:attachment":[{"href":"https:\/\/dev.infinitekparis.com\/us-es\/wp-json\/wp\/v2\/media?parent=608186"}],"wp:term":[{"taxonomy":"product_cat","embeddable":true,"href":"https:\/\/dev.infinitekparis.com\/us-es\/wp-json\/wp\/v2\/product_cat?post=608186"},{"taxonomy":"product_tag","embeddable":true,"href":"https:\/\/dev.infinitekparis.com\/us-es\/wp-json\/wp\/v2\/product_tag?post=608186"}],"curies":[{"name":"wp","href":"https:\/\/api.w.org\/{rel}","templated":true}]}}