{"id":654446,"date":"2022-02-21T23:59:33","date_gmt":"2022-02-22T04:59:39","guid":{"rendered":"https:\/\/dev.infinitekparis.com\/?post_type=product&#038;p=654446"},"modified":"2022-12-12T14:15:39","modified_gmt":"2022-12-12T19:15:39","slug":"infinit-ink","status":"publish","type":"product","link":"https:\/\/dev.infinitekparis.com\/us-es\/tienda\/maquillaje\/infinit-ink\/","title":{"rendered":"Infinit-Ink"},"content":{"rendered":"<p style=\"text-align: justify;\">INFINIT-INK, es una tinta roja para labios y mejillas. Su exclusiva f\u00f3rmula multifunci\u00f3n maquilla de manera natural, mientras hidrata y mantiene la juventud de la piel gracias a su contenido de <a href=\"https:\/\/dev.infinitekparis.com\/us-es\/tienda\/rutina\/antiedad-correccion\/serum-acido-hialuronico-silicio-organico\/\" target=\"_blank\" rel=\"noopener\"><strong>\u00e1cido hialur\u00f3nico.<\/strong><\/a> Su aplicaci\u00f3n es gradual, de un tono natural a un tono m\u00e1s profundo. Cuantas m\u00e1s capas de aplicaci\u00f3n, m\u00e1s profunda y duradera ser\u00e1 la intensidad de color. INFINIT-INK contiene pigmentos naturales y extracto de <em><strong>Bixa<\/strong><\/em><em><strong> Orellana,<\/strong><\/em> los cuales ayudan a mantener la belleza natural de la piel; revel\u00e1ndola firme, hidratada y tersa.<\/p>\n<p style=\"text-align: justify;\"><strong>\u00bfPara qu\u00e9 sirve?<\/strong><\/p>\n<p style=\"text-align: justify;\">Ideal para aplicar en el d\u00eda o en la noche y lucir un maquillaje fresco, duradero, ligero y sexy. Gracias a sus ingredientes activos de tecnolog\u00eda avanzada hidrata la piel manteni\u00e9ndola firme y tersa mientras previene el envejecimiento prematuro.<\/p>\n<p style=\"text-align: justify;\">REGISTRO INVIMA: NSOC02346-20CO.<\/p>\n<p style=\"text-align: justify;\"><p style=\"text-align: justify;\"><span style=\"font-weight: 400;\"><a href=\"https:\/\/dev.infinitekparis.com\/us-es\/contacto-whatsapp\/\" target=\"_blank\" rel=\"noopener noreferrer\"><strong>Para mayor informaci\u00f3n, comun\u00edcate con una de nuestras asesoras al n\u00famero +1 (786) 233 6429.<\/strong><\/a><\/span><\/p>\n","protected":false},"excerpt":{"rendered":"<p>Tinta para labios y mejillas con \u00c1cido Hialur\u00f3nico y Bixa Orellana. Activos dermatol\u00f3gicamente probados<\/p>\n<ul>\n<li>F\u00f3rmula ligera.<\/li>\n<li>Acabado natural mate.<\/li>\n<li>Resistente a besos y sin transferencia.<\/li>\n<li>Hidrata y suaviza.<\/li>\n<\/ul>\n","protected":false},"featured_media":0,"comment_status":"open","ping_status":"closed","template":"","meta":[],"product_cat":[498],"product_tag":[],"_links":{"self":[{"href":"https:\/\/dev.infinitekparis.com\/us-es\/wp-json\/wp\/v2\/product\/654446"}],"collection":[{"href":"https:\/\/dev.infinitekparis.com\/us-es\/wp-json\/wp\/v2\/product"}],"about":[{"href":"https:\/\/dev.infinitekparis.com\/us-es\/wp-json\/wp\/v2\/types\/product"}],"replies":[{"embeddable":true,"href":"https:\/\/dev.infinitekparis.com\/us-es\/wp-json\/wp\/v2\/comments?post=654446"}],"wp:attachment":[{"href":"https:\/\/dev.infinitekparis.com\/us-es\/wp-json\/wp\/v2\/media?parent=654446"}],"wp:term":[{"taxonomy":"product_cat","embeddable":true,"href":"https:\/\/dev.infinitekparis.com\/us-es\/wp-json\/wp\/v2\/product_cat?post=654446"},{"taxonomy":"product_tag","embeddable":true,"href":"https:\/\/dev.infinitekparis.com\/us-es\/wp-json\/wp\/v2\/product_tag?post=654446"}],"curies":[{"name":"wp","href":"https:\/\/api.w.org\/{rel}","templated":true}]}}