{"id":703424,"date":"2022-05-17T00:03:59","date_gmt":"2022-05-17T05:08:46","guid":{"rendered":"https:\/\/dev.infinitekparis.com\/?post_type=product&#038;p=703424"},"modified":"2022-11-09T15:42:05","modified_gmt":"2022-11-09T20:42:05","slug":"kit-lina-tejeiro","status":"publish","type":"product","link":"https:\/\/dev.infinitekparis.com\/us-es\/tienda\/platine\/kit-lina-tejeiro\/","title":{"rendered":"Kit Lina Tejeiro"},"content":{"rendered":"<p style=\"text-align: justify;\">Con el kit de Lina Tejeiro tendr\u00e1s el cuidado ideal para tu rutina de piel, 6 productos esenciales con los cuales, complementar\u00e1s tu rutina A.M. y P.M. brindando protecci\u00f3n, salud y amor a tu piel.<\/p>\n<ul>\n<li style=\"text-align: justify;\"><strong><a href=\"https:\/\/dev.infinitekparis.com\/us-es\/tienda\/rutina\/limpieza\/dermo-clean-solucion-micelar\/\" target=\"_blank\" rel=\"noopener\">Dermo Clean Solucion Micelar<\/a>.<\/strong> Elimina impurezas y maquillaje a prueba de agua. Su innovadora y exclusiva f\u00f3rmula tonifica, aclara, nutre e hidrata, revelando una piel radiante y juvenil. Ideal para pieles sensibles o con ros\u00e1cea.\n<ul>\n<li style=\"text-align: justify;\"><strong style=\"color: #555555; font-size: 14.4px;\">Contiene: \u00a0<\/strong><span style=\"color: #555555; font-size: 14.4px;\">\u00c1cido Hialur\u00f3nico, Ramnosa + Silicio Org\u00e1nico, Urea, Sodio, Centella\u00a0 Asi\u00e1tica, Extracto de Flor de Ang\u00e9lica, Extracto de Pepino, Ginseng y Grosella Negra.<\/span><\/li>\n<\/ul>\n<\/li>\n<\/ul>\n<ul>\n<li><a href=\"https:\/\/dev.infinitekparis.com\/us-es\/tienda\/rutina\/prevencion-proteccion\/serum-vitamina-c\/\" target=\"_blank\" rel=\"noopener\"><strong>S\u00e9rum Vitamina C + Silicio Org\u00e1nico<\/strong><\/a><strong>.\u00a0<\/strong>Formulado con Vitamina C, E y \u00c1cido Fer\u00falico para maximizar la acci\u00f3n antioxidante. Fortalece la piel, combate los efectos de los radicales libres, la contaminaci\u00f3n y el da\u00f1o solar, principales causantes del envejecimiento prematuro. Act\u00faa como un potenciador de luminosidad, mejorando y aclarando el tono de la piel, revel\u00e1ndola renovada, radiante y juvenil.\n<ul>\n<li><strong style=\"color: #555555; text-align: justify; font-size: 14.4px;\">Contiene:<\/strong><span style=\"color: #555555; text-align: justify; font-size: 14.4px;\">\u00a0Vitamina C estabilizada con Silicio Org\u00e1nico, \u00c1cido Hialur\u00f3nico, Vitamina E, \u00c1cido Fer\u00falico, Ginkgo Biloba, Ginseng, Granada y T\u00e9 Verde.<\/span><\/li>\n<\/ul>\n<\/li>\n<\/ul>\n<ul style=\"text-align: justify;\">\n<li><a href=\"https:\/\/dev.infinitekparis.com\/us-es\/tienda\/rutina\/antiedad-correccion\/serum-acido-hialuronico-silicio-organico\/\"><strong>S\u00e9rum \u00c1cido Hialur\u00f3nico + Silicio Org\u00e1nico<\/strong><\/a><strong>.\u00a0<\/strong>Brinda una hidrataci\u00f3n intensa y duradera. Disminuye y previene la apariencia de arrugas y l\u00edneas finas. Visiblemente mejora la firmeza, el grosor y la textura; para una piel m\u00e1s densa, resistente y flexible.\n<ul style=\"text-align: justify;\">\n<li><strong style=\"color: #555555; font-size: 14.4px;\">Contiene<\/strong><span style=\"color: #555555; font-size: 14.4px;\"> \u00c1cido Hialur\u00f3nico y el silicio org\u00e1nico permite mayor permeabilidad del \u00c1cido Hialur\u00f3nico al interior de las capas de la piel, manteni\u00e9ndola hidratada y saludable. Aumenta la cantidad de col\u00e1geno para retrasar los signos del envejecimiento como l\u00edneas finas, arrugas y flacidez.<\/span><\/li>\n<\/ul>\n<\/li>\n<\/ul>\n<ul style=\"text-align: justify;\">\n<li><a href=\"https:\/\/dev.infinitekparis.com\/us-es\/tienda\/rutina\/antiedad-correccion\/multi-active-360-contorno-de-ojos\/\"><strong>Multi-Active 360 Contorno de Ojos<\/strong><\/a><strong>.\u00a0<\/strong>Reafirma, ilumina e hidrata, mientras previene y disminuye la apariencia de ojeras, bolsas y arrugas. Gracias a su poder nutritivo y reparador brinda una sensaci\u00f3n de relajaci\u00f3n a los ojos cansados, revelando una mirada reluciente, fresca y juvenil.\n<ul style=\"text-align: justify;\">\n<li><strong style=\"color: #555555; font-size: 14.4px;\">Contiene:<\/strong><span style=\"color: #555555; font-size: 14.4px;\">\u00a0Cafe\u00edna, Retinol, \u00c1cido Hialur\u00f3nico, Flor de Sa\u00faco, Col\u00e1geno, Caviar, Elastina y Aceite de Aguacate.<\/span><\/li>\n<\/ul>\n<\/li>\n<\/ul>\n<ul style=\"text-align: justify;\">\n<li><a href=\"https:\/\/dev.infinitekparis.com\/us-es\/tienda\/rutina\/antiedad-correccion\/crema-humectante-retinol\/\"><strong>Crema Humectante Retinol<\/strong><\/a><strong>.\u00a0<\/strong>Ayuda a estimular la renovaci\u00f3n celular y la s\u00edntesis de col\u00e1geno, ayudando a disminuir y prevenir la apariencia de poros dilatados, manchas, arrugas y l\u00edneas de expresi\u00f3n. Humecta, hidrata y reafirma, mientras mejora la textura y el tono de la piel, revel\u00e1ndola m\u00e1s sana, radiante y tersa.\n<ul style=\"text-align: justify;\">\n<li><strong style=\"color: #555555; font-size: 14.4px;\">Contiene:<\/strong><span style=\"color: #555555; font-size: 14.4px;\">\u00a0Activo Retinol, \u00c1cido Hialur\u00f3nico, Aloe Vera, Aceite de Jojoba, Macadamia, Girasol, Vitamina E, Karit\u00e9 y T\u00e9 Verde.<\/span><\/li>\n<\/ul>\n<\/li>\n<\/ul>\n<ul style=\"text-align: justify;\">\n<li><a href=\"https:\/\/dev.infinitekparis.com\/us-es\/tienda\/rutina\/prevencion-proteccion\/protector-solar-ultra-protection-spf-50\/\"><strong>Protector Solar Ultra-Protection SPF 50. <\/strong><\/a>F\u00f3rmula 100% mineral, brinda una protecci\u00f3n de amplio espectro contra los rayos UVA, UVB y Luz Azul, previniendo y mejorando los signos del envejecimiento como arrugas, manchas, y el riesgo de c\u00e1ncer de piel. Funciona como Primer Facial \u2013 Acabado Mate y resistente al agua (80 minutos).\n<ul style=\"text-align: justify;\">\n<li><strong style=\"color: #555555; font-size: 14.4px;\">Contiene: <\/strong>\u00d3<span style=\"color: #555555; font-size: 14.4px;\">xido del zinc, Di\u00f3xido de titanio, Physavie, \u00e1cido Hialuronico<\/span><\/li>\n<\/ul>\n<\/li>\n<\/ul>\n<p style=\"text-align: justify;\"><span style=\"font-weight: 400;\"><a href=\"https:\/\/dev.infinitekparis.com\/us-es\/contacto-whatsapp\/\" target=\"_blank\" rel=\"noopener noreferrer\"><strong>Para mayor informaci\u00f3n, comun\u00edcate con una de nuestras asesoras al n\u00famero +1 (786) 233 6429.<\/strong><\/a><\/span><\/p>\n","protected":false},"excerpt":{"rendered":"<p>Lina Tejeiro comparte contigo su rutina ideal para el cuidado de su piel.<\/p>\n<p>Obtendr\u00e1s el secreto para una piel perfecta.<\/p>\n<ul>\n<li>Dermo Clean Solucion Micelar.<\/li>\n<li>S\u00e9rum Vitamina C +Silicio Org\u00e1nico.<\/li>\n<li>S\u00e9rum \u00c1cido Hialur\u00f3nico +Silicio Org\u00e1nico.<\/li>\n<li>Contorno de Ojos Multi Active 360.<\/li>\n<li>Protector Solar Ultra-Protection SPF 50.<\/li>\n<li>Crema Humectante Retinol.<\/li>\n<\/ul>\n","protected":false},"featured_media":0,"comment_status":"open","ping_status":"closed","template":"","meta":[],"product_cat":[73,81,60],"product_tag":[],"_links":{"self":[{"href":"https:\/\/dev.infinitekparis.com\/us-es\/wp-json\/wp\/v2\/product\/703424"}],"collection":[{"href":"https:\/\/dev.infinitekparis.com\/us-es\/wp-json\/wp\/v2\/product"}],"about":[{"href":"https:\/\/dev.infinitekparis.com\/us-es\/wp-json\/wp\/v2\/types\/product"}],"replies":[{"embeddable":true,"href":"https:\/\/dev.infinitekparis.com\/us-es\/wp-json\/wp\/v2\/comments?post=703424"}],"wp:attachment":[{"href":"https:\/\/dev.infinitekparis.com\/us-es\/wp-json\/wp\/v2\/media?parent=703424"}],"wp:term":[{"taxonomy":"product_cat","embeddable":true,"href":"https:\/\/dev.infinitekparis.com\/us-es\/wp-json\/wp\/v2\/product_cat?post=703424"},{"taxonomy":"product_tag","embeddable":true,"href":"https:\/\/dev.infinitekparis.com\/us-es\/wp-json\/wp\/v2\/product_tag?post=703424"}],"curies":[{"name":"wp","href":"https:\/\/api.w.org\/{rel}","templated":true}]}}