{"id":748022,"date":"2022-08-09T00:12:35","date_gmt":"2022-08-09T05:12:46","guid":{"rendered":"https:\/\/dev.infinitekparis.com\/?post_type=product&#038;p=748022"},"modified":"2022-12-12T14:15:33","modified_gmt":"2022-12-12T19:15:33","slug":"sugar-kiss","status":"publish","type":"product","link":"https:\/\/dev.infinitekparis.com\/us-es\/tienda\/platine\/sugar-kiss\/","title":{"rendered":"Sugar Kiss"},"content":{"rendered":"<p style=\"text-align: justify;\">Exfoliante de Labios con sabor a Sand\u00eda<\/p>\n<p style=\"text-align: justify;\">Exfolia mientras renueva y repone la humedad de los labios. Revela una sensaci\u00f3n de suavidad e hidrataci\u00f3n al instante. Contiene extracto de Bixa Orellana Potencializado y Aceite de Coco*, los cuales generan un efecto de regeneraci\u00f3n y nutrici\u00f3n, revelando los labios hidratados y saludables.<\/p>\n<p style=\"text-align: justify;\">*Tiene un delicioso olor y sabor a Sandia.<\/p>\n<p style=\"text-align: justify;\">*Activos con estudios de efectividad aprobados.<\/p>\n<p style=\"text-align: justify;\"><span style=\"font-weight: 400;\"><a href=\"https:\/\/dev.infinitekparis.com\/us-es\/contacto-whatsapp\/\" target=\"_blank\" rel=\"noopener noreferrer\"><strong>Para mayor informaci\u00f3n, comun\u00edcate con una de nuestras asesoras al n\u00famero +1 (786) 233 6429.<\/strong><\/a><\/span><\/p>\n","protected":false},"excerpt":{"rendered":"<p>Exfoliante de Labios con sabor a Sand\u00eda<\/p>\n<ul>\n<li>Exfolia mientras renueva y repone la humedad de los labios.<\/li>\n<li>Sensaci\u00f3n de suavidad e hidrataci\u00f3n al instante.<\/li>\n<li>Con extracto de Bixa Orellana Potencializado y Aceite de Coco*.<\/li>\n<li>Tiene un delicioso olor y sabor a Sand\u00eda.<\/li>\n<li>*Activos con estudios de efectividad aprobados.<\/li>\n<li>Vegano, libre de parabenos y de crueldad animal.<\/li>\n<\/ul>\n","protected":false},"featured_media":0,"comment_status":"open","ping_status":"closed","template":"","meta":[],"product_cat":[534,60],"product_tag":[],"_links":{"self":[{"href":"https:\/\/dev.infinitekparis.com\/us-es\/wp-json\/wp\/v2\/product\/748022"}],"collection":[{"href":"https:\/\/dev.infinitekparis.com\/us-es\/wp-json\/wp\/v2\/product"}],"about":[{"href":"https:\/\/dev.infinitekparis.com\/us-es\/wp-json\/wp\/v2\/types\/product"}],"replies":[{"embeddable":true,"href":"https:\/\/dev.infinitekparis.com\/us-es\/wp-json\/wp\/v2\/comments?post=748022"}],"wp:attachment":[{"href":"https:\/\/dev.infinitekparis.com\/us-es\/wp-json\/wp\/v2\/media?parent=748022"}],"wp:term":[{"taxonomy":"product_cat","embeddable":true,"href":"https:\/\/dev.infinitekparis.com\/us-es\/wp-json\/wp\/v2\/product_cat?post=748022"},{"taxonomy":"product_tag","embeddable":true,"href":"https:\/\/dev.infinitekparis.com\/us-es\/wp-json\/wp\/v2\/product_tag?post=748022"}],"curies":[{"name":"wp","href":"https:\/\/api.w.org\/{rel}","templated":true}]}}