{"id":748030,"date":"2022-08-09T00:13:24","date_gmt":"2022-08-09T05:13:33","guid":{"rendered":"https:\/\/dev.infinitekparis.com\/?post_type=product&#038;p=748030"},"modified":"2022-12-12T14:15:36","modified_gmt":"2022-12-12T19:15:36","slug":"luxury-lip-balm","status":"publish","type":"product","link":"https:\/\/dev.infinitekparis.com\/us-es\/tienda\/platine\/luxury-lip-balm\/","title":{"rendered":"Luxury Lip Balm"},"content":{"rendered":"<p style=\"text-align: justify;\">Luxury Lip Balm: Voluminizador\u00a0de labios con \u00c1cido Hialur\u00f3nico.<\/p>\n<p style=\"text-align: justify;\">Hidrata, Nutre y Repara. \u00a0Genera un efecto inmediato y a largo plazo de labios hidratados y con mayor volumen. Formulado con \u00c1cido Hialur\u00f3nico Potencializado, Centella Asi\u00e1tica + Silicio Org\u00e1nico, cera de abejas y mantequillas de karit\u00e9, mango, cacao y jojoba*, las cuales nutren, hidratan y reparan la piel seca; permitiendo prevenir y disminuir la apariencia de l\u00edneas finas y arrugas.<\/p>\n<p style=\"text-align: justify;\">*Activos con estudios de efectividad aprobados.<\/p>\n<p style=\"text-align: justify;\"><span style=\"font-weight: 400;\"><a href=\"https:\/\/dev.infinitekparis.com\/us-es\/contacto-whatsapp\/\" target=\"_blank\" rel=\"noopener noreferrer\"><strong>Para mayor informaci\u00f3n, comun\u00edcate con una de nuestras asesoras al n\u00famero +1 (786) 233 6429.<\/strong><\/a><\/span><\/p>\n","protected":false},"excerpt":{"rendered":"<p>Voluminizador\u00a0de labios con \u00c1cido Hialur\u00f3nico.<\/p>\n<ul>\n<li>Efecto inmediato y a largo plazo de labios hidratados y con mayor volumen.<\/li>\n<li>Nutre, repara y renueva, para unos labios m\u00e1s j\u00f3venes.<\/li>\n<li>Con \u00c1cido Hialur\u00f3nico Potencializado, Centella Asi\u00e1tica + Silicio Org\u00e1nico, Cera de abejas y mantequillas de karit\u00e9, mango, cacao y jojoba.<\/li>\n<li>*Activos con estudios de efectividad aprobados.<\/li>\n<li>Veganos, libres parabenos y de crueldad animal.<\/li>\n<li><span style=\"color: #555555;\">Tiene un delicioso olor y sabor a Sandia.<\/span><\/li>\n<\/ul>\n","protected":false},"featured_media":0,"comment_status":"open","ping_status":"closed","template":"","meta":[],"product_cat":[534,60],"product_tag":[],"_links":{"self":[{"href":"https:\/\/dev.infinitekparis.com\/us-es\/wp-json\/wp\/v2\/product\/748030"}],"collection":[{"href":"https:\/\/dev.infinitekparis.com\/us-es\/wp-json\/wp\/v2\/product"}],"about":[{"href":"https:\/\/dev.infinitekparis.com\/us-es\/wp-json\/wp\/v2\/types\/product"}],"replies":[{"embeddable":true,"href":"https:\/\/dev.infinitekparis.com\/us-es\/wp-json\/wp\/v2\/comments?post=748030"}],"wp:attachment":[{"href":"https:\/\/dev.infinitekparis.com\/us-es\/wp-json\/wp\/v2\/media?parent=748030"}],"wp:term":[{"taxonomy":"product_cat","embeddable":true,"href":"https:\/\/dev.infinitekparis.com\/us-es\/wp-json\/wp\/v2\/product_cat?post=748030"},{"taxonomy":"product_tag","embeddable":true,"href":"https:\/\/dev.infinitekparis.com\/us-es\/wp-json\/wp\/v2\/product_tag?post=748030"}],"curies":[{"name":"wp","href":"https:\/\/api.w.org\/{rel}","templated":true}]}}