{"id":762361,"date":"2022-08-22T23:59:26","date_gmt":"2022-08-23T04:59:50","guid":{"rendered":"https:\/\/dev.infinitekparis.com\/?post_type=product&#038;p=762361"},"modified":"2022-11-09T15:41:55","modified_gmt":"2022-11-09T20:41:55","slug":"kit-natural-look","status":"publish","type":"product","link":"https:\/\/dev.infinitekparis.com\/us-es\/tienda\/platine\/kit-natural-look\/","title":{"rendered":"Kit Natural Look"},"content":{"rendered":"<ul>\n<li style=\"text-align: justify;\"><strong>Sugar Kiss: Exfoliante de labios. <\/strong>Exfolia mientras renueva y repone la humedad de los labios.\u00a0 Revela una sensaci\u00f3n de suavidad e hidrataci\u00f3n al instante.\u00a0 Contiene extracto de Bixa Orellana Potencializado y Aceite de Coco*, los cuales generan un efecto de regeneraci\u00f3n y nutrici\u00f3n, revelando los labios hidratados y saludables.*Activos con estudios de efectividad aprobados.\n<ul>\n<li><strong>Contiene: <\/strong>Extracto de Bixa Orellana Potencializado y Aceite de Coco.<\/li>\n<\/ul>\n<\/li>\n<li style=\"text-align: justify;\"><strong>Infinit-Ink: <\/strong>Su exclusiva f\u00f3rmula multifunci\u00f3n maquilla de manera natural, mientras hidrata y mantiene la juventud.\u00a0Su aplicaci\u00f3n es gradual, de un tono natural a un tono m\u00e1s profundo. Cuantas m\u00e1s capas de aplicaci\u00f3n, m\u00e1s profunda y duradera ser\u00e1 la intensidad de color.\n<ul>\n<li><strong>Contiene:<\/strong> Pigmentos naturales y extracto de\u00a0Bixa\u00a0Orellana<em><strong>\u00a0<\/strong><\/em>y \u00c1cido Hialur\u00f3nico.<\/li>\n<\/ul>\n<\/li>\n<li style=\"text-align: justify;\"><strong>Luxury Lip Balm: Voluminizador\u00a0de labios con \u00c1cido Hialur\u00f3nico. <\/strong>Hidrata, Nutre y Repara. \u00a0Genera un efecto inmediato y a largo plazo de labios hidratados y con mayor volumen.\n<ul>\n<li><strong>Contiene: <\/strong>\u00c1cido Hialur\u00f3nico potencializado, Centella Asi\u00e1tica + Silicio Org\u00e1nico, cera de abejas y mantequillas de karit\u00e9, mango, cacao y jojoba*.<\/li>\n<\/ul>\n<\/li>\n<li style=\"text-align: justify;\"><strong>Protector Solar Ultra-Protection SPF 50.<\/strong> F\u00f3rmula 100% mineral, brinda una protecci\u00f3n de amplio espectro contra los rayos UVB, UVA, luz azul y artificial previniendo y mejorando los signos del envejecimiento como las manchas oscuras y el riesgo de c\u00e1ncer de piel.\n<ul>\n<li style=\"text-align: justify;\"><strong>Contiene:\u00a0<\/strong>\u00d3xido del zinc, Di\u00f3xido de titanio, Physavie, \u00e1cido Hialur\u00f3nico.<\/li>\n<\/ul>\n<\/li>\n<\/ul>\n<p style=\"text-align: justify;\"><p style=\"text-align: justify;\"><span style=\"font-weight: 400;\"><a href=\"https:\/\/dev.infinitekparis.com\/us-es\/contacto-whatsapp\/\" target=\"_blank\" rel=\"noopener noreferrer\"><strong>Para mayor informaci\u00f3n, comun\u00edcate con una de nuestras asesoras al n\u00famero +1 (786) 233 6429.<\/strong><\/a><\/span><\/p>\n","protected":false},"excerpt":{"rendered":"<p>4\u00a0 esenciales para exfoliar, hidratar y darle color a tus labios mientras proteges tu piel.<\/p>\n<ul>\n<li>Protector Solar Ultra-Protection SPF 50.<\/li>\n<li>Infinit-Ink Tinta para labios y mejillas.<\/li>\n<li>Luxury Lip Balm Voluminizador.<\/li>\n<li>Sugar Kiss Exfoliante para labios.<\/li>\n<\/ul>\n","protected":false},"featured_media":0,"comment_status":"open","ping_status":"closed","template":"","meta":[],"product_cat":[81,60],"product_tag":[],"_links":{"self":[{"href":"https:\/\/dev.infinitekparis.com\/us-es\/wp-json\/wp\/v2\/product\/762361"}],"collection":[{"href":"https:\/\/dev.infinitekparis.com\/us-es\/wp-json\/wp\/v2\/product"}],"about":[{"href":"https:\/\/dev.infinitekparis.com\/us-es\/wp-json\/wp\/v2\/types\/product"}],"replies":[{"embeddable":true,"href":"https:\/\/dev.infinitekparis.com\/us-es\/wp-json\/wp\/v2\/comments?post=762361"}],"wp:attachment":[{"href":"https:\/\/dev.infinitekparis.com\/us-es\/wp-json\/wp\/v2\/media?parent=762361"}],"wp:term":[{"taxonomy":"product_cat","embeddable":true,"href":"https:\/\/dev.infinitekparis.com\/us-es\/wp-json\/wp\/v2\/product_cat?post=762361"},{"taxonomy":"product_tag","embeddable":true,"href":"https:\/\/dev.infinitekparis.com\/us-es\/wp-json\/wp\/v2\/product_tag?post=762361"}],"curies":[{"name":"wp","href":"https:\/\/api.w.org\/{rel}","templated":true}]}}